{"id":739,"date":"2024-07-25T16:31:20","date_gmt":"2024-07-25T14:31:20","guid":{"rendered":"https:\/\/laltragarrotxa.com\/?page_id=739"},"modified":"2024-09-01T11:08:40","modified_gmt":"2024-09-01T09:08:40","slug":"who-we-are","status":"publish","type":"page","link":"https:\/\/laltragarrotxa.com\/en\/who-we-are\/","title":{"rendered":"Who we are"},"content":{"rendered":"\t\t<div data-elementor-type=\"wp-page\" data-elementor-id=\"739\" class=\"elementor elementor-739 elementor-49\" data-elementor-post-type=\"page\">\n\t\t\t\t<div class=\"elementor-element elementor-element-d774f0a e-flex e-con-boxed e-con e-parent\" data-id=\"d774f0a\" data-element_type=\"container\">\n\t\t\t\t\t<div class=\"e-con-inner\">\n\t\t\t\t<div class=\"elementor-element elementor-element-1f149c1 elementor-widget elementor-widget-video\" data-id=\"1f149c1\" data-element_type=\"widget\" data-settings=\"{&quot;youtube_url&quot;:&quot;https:\\\/\\\/www.youtube.com\\\/watch?v=CDxrDDA3fOw&quot;,&quot;video_type&quot;:&quot;youtube&quot;}\" data-widget_type=\"video.default\">\n\t\t\t\t<div class=\"elementor-widget-container\">\n\t\t\t<style>\/*! elementor - v3.23.0 - 05-08-2024 *\/\n.elementor-widget-video .elementor-widget-container{overflow:hidden;transform:translateZ(0)}.elementor-widget-video .elementor-wrapper{aspect-ratio:var(--video-aspect-ratio)}.elementor-widget-video .elementor-wrapper iframe,.elementor-widget-video .elementor-wrapper video{height:100%;width:100%;display:flex;border:none;background-color:#000}@supports not (aspect-ratio:1\/1){.elementor-widget-video .elementor-wrapper{position:relative;overflow:hidden;height:0;padding-bottom:calc(100% \/ var(--video-aspect-ratio))}.elementor-widget-video .elementor-wrapper iframe,.elementor-widget-video .elementor-wrapper video{position:absolute;top:0;right:0;bottom:0;left:0}}.elementor-widget-video .elementor-open-inline .elementor-custom-embed-image-overlay{position:absolute;top:0;right:0;bottom:0;left:0;background-size:cover;background-position:50%}.elementor-widget-video .elementor-custom-embed-image-overlay{cursor:pointer;text-align:center}.elementor-widget-video .elementor-custom-embed-image-overlay:hover .elementor-custom-embed-play i{opacity:1}.elementor-widget-video .elementor-custom-embed-image-overlay img{display:block;width:100%;aspect-ratio:var(--video-aspect-ratio);-o-object-fit:cover;object-fit:cover;-o-object-position:center center;object-position:center center}@supports not (aspect-ratio:1\/1){.elementor-widget-video .elementor-custom-embed-image-overlay{position:relative;overflow:hidden;height:0;padding-bottom:calc(100% \/ var(--video-aspect-ratio))}.elementor-widget-video .elementor-custom-embed-image-overlay img{position:absolute;top:0;right:0;bottom:0;left:0}}.elementor-widget-video .e-hosted-video .elementor-video{-o-object-fit:cover;object-fit:cover}.e-con-inner>.elementor-widget-video,.e-con>.elementor-widget-video{width:var(--container-widget-width);--flex-grow:var(--container-widget-flex-grow)}<\/style>\t\t<div class=\"elementor-wrapper elementor-open-inline\">\n\t\t\t<div class=\"elementor-video\"><\/div>\t\t<\/div>\n\t\t\t\t<\/div>\n\t\t\t\t<\/div>\n\t\t\t\t\t<\/div>\n\t\t\t\t<\/div>\n\t\t<div class=\"elementor-element elementor-element-5149c7e e-flex e-con-boxed e-con e-parent\" data-id=\"5149c7e\" data-element_type=\"container\">\n\t\t\t\t\t<div class=\"e-con-inner\">\n\t\t\t\t<div class=\"elementor-element elementor-element-6056b2f elementor-widget elementor-widget-text-editor\" data-id=\"6056b2f\" data-element_type=\"widget\" data-widget_type=\"text-editor.default\">\n\t\t\t\t<div class=\"elementor-widget-container\">\n\t\t\t<style>\/*! elementor - v3.23.0 - 05-08-2024 *\/\n.elementor-widget-text-editor.elementor-drop-cap-view-stacked .elementor-drop-cap{background-color:#69727d;color:#fff}.elementor-widget-text-editor.elementor-drop-cap-view-framed .elementor-drop-cap{color:#69727d;border:3px solid;background-color:transparent}.elementor-widget-text-editor:not(.elementor-drop-cap-view-default) .elementor-drop-cap{margin-top:8px}.elementor-widget-text-editor:not(.elementor-drop-cap-view-default) .elementor-drop-cap-letter{width:1em;height:1em}.elementor-widget-text-editor .elementor-drop-cap{float:left;text-align:center;line-height:1;font-size:50px}.elementor-widget-text-editor .elementor-drop-cap-letter{display:inline-block}<\/style>\t\t\t\t<p><strong>Esteve Serra Sabat\u00e9<\/strong><\/p><p>T\u00e8cnic Superior Forestal<\/p><p>Grau en Fotografia i Creaci\u00f3 Digital. UPC<\/p><p>Guia del Parc Natural de la Zona Volc\u00e0nica de la Garrotxa<\/p><p>M\u2019he passat m\u00e9s de vint anys viatjant de manera independent per tot el m\u00f3n. En aquests viatges, de vegades he tingut la sort de trobar alguna persona aut\u00f2ctona del territori que m\u2019ha ajudat i m\u2019ha fet gaudir molt m\u00e9s la meva visita i experi\u00e8ncia, perqu\u00e8 ell coneix com ning\u00fa aquell territori que \u00e9s casa seva i s\u2019estima. Els llocs d\u2019inter\u00e8s, la gent que l\u2019habita i els racons amagats que jo no hauria trobat mai en solitari. Aqu\u00ed a l\u2019Alta Garrotxa jo podria ser aquesta persona, aquest guia.<\/p><p>L\u2019Altra Garrotxa doncs, \u00e9s aquest rac\u00f3 amagat i salvatge que ha passat desapercebut, el ve\u00ed pobre de la Garrotxa de la Fageda, pobles medievals i volcans. \u201cTerra aspra i mala petja\u201d es la descripci\u00f3 que ens van posar. Per\u00f2 sens dubte, un petit lloc al m\u00f3n amb un paisatge, una hist\u00f2ria i una gent que dif\u00edcilment podreu oblidar.<\/p>\t\t\t\t\t\t<\/div>\n\t\t\t\t<\/div>\n\t\t\t\t\t<\/div>\n\t\t\t\t<\/div>\n\t\t<div class=\"elementor-element elementor-element-d11c579 e-grid e-con-boxed e-con e-parent\" data-id=\"d11c579\" data-element_type=\"container\">\n\t\t\t\t\t<div class=\"e-con-inner\">\n\t\t\t\t<div class=\"elementor-element elementor-element-ecd542c elementor-widget elementor-widget-heading\" data-id=\"ecd542c\" data-element_type=\"widget\" data-widget_type=\"heading.default\">\n\t\t\t\t<div class=\"elementor-widget-container\">\n\t\t\t<style>\/*! elementor - v3.23.0 - 05-08-2024 *\/\n.elementor-heading-title{padding:0;margin:0;line-height:1}.elementor-widget-heading .elementor-heading-title[class*=elementor-size-]>a{color:inherit;font-size:inherit;line-height:inherit}.elementor-widget-heading .elementor-heading-title.elementor-size-small{font-size:15px}.elementor-widget-heading .elementor-heading-title.elementor-size-medium{font-size:19px}.elementor-widget-heading .elementor-heading-title.elementor-size-large{font-size:29px}.elementor-widget-heading .elementor-heading-title.elementor-size-xl{font-size:39px}.elementor-widget-heading .elementor-heading-title.elementor-size-xxl{font-size:59px}<\/style><h2 class=\"elementor-heading-title elementor-size-default\">Amics col\u00b7laboradors de l'Altra Garrotxa<\/h2>\t\t<\/div>\n\t\t\t\t<\/div>\n\t\t\t\t\t<\/div>\n\t\t\t\t<\/div>\n\t\t<div class=\"elementor-element elementor-element-7e9a2f0 e-grid e-con-boxed e-con e-parent\" data-id=\"7e9a2f0\" data-element_type=\"container\">\n\t\t\t\t\t<div class=\"e-con-inner\">\n\t\t\t\t<div class=\"elementor-element elementor-element-aa4769c elementor-widget elementor-widget-image\" data-id=\"aa4769c\" data-element_type=\"widget\" data-widget_type=\"image.default\">\n\t\t\t\t<div class=\"elementor-widget-container\">\n\t\t\t\t\t\t\t\t\t\t<figure class=\"wp-caption\">\n\t\t\t\t\t\t\t\t\t\t<img fetchpriority=\"high\" decoding=\"async\" width=\"800\" height=\"599\" src=\"https:\/\/laltragarrotxa.com\/wp-content\/uploads\/2024\/08\/baru-i-tonda-1024x767.jpg\" class=\"attachment-large size-large wp-image-603\" alt=\"\" srcset=\"https:\/\/laltragarrotxa.com\/wp-content\/uploads\/2024\/08\/baru-i-tonda-1024x767.jpg 1024w, https:\/\/laltragarrotxa.com\/wp-content\/uploads\/2024\/08\/baru-i-tonda-600x450.jpg 600w, https:\/\/laltragarrotxa.com\/wp-content\/uploads\/2024\/08\/baru-i-tonda-300x225.jpg 300w, https:\/\/laltragarrotxa.com\/wp-content\/uploads\/2024\/08\/baru-i-tonda-768x576.jpg 768w, https:\/\/laltragarrotxa.com\/wp-content\/uploads\/2024\/08\/baru-i-tonda-1536x1151.jpg 1536w, https:\/\/laltragarrotxa.com\/wp-content\/uploads\/2024\/08\/baru-i-tonda.jpg 1600w\" sizes=\"(max-width: 800px) 100vw, 800px\" \/>\t\t\t\t\t\t\t\t\t\t\t<figcaption class=\"widget-image-caption wp-caption-text\">Baru i Tonda. Borisa Mas Pol\u00ed<\/figcaption>\n\t\t\t\t\t\t\t\t\t\t<\/figure>\n\t\t\t\t\t\t\t<\/div>\n\t\t\t\t<\/div>\n\t\t\t\t<div class=\"elementor-element elementor-element-1f4d20c elementor-widget elementor-widget-image\" data-id=\"1f4d20c\" data-element_type=\"widget\" data-widget_type=\"image.default\">\n\t\t\t\t<div class=\"elementor-widget-container\">\n\t\t\t\t\t\t\t\t\t\t<figure class=\"wp-caption\">\n\t\t\t\t\t\t\t\t\t\t<img decoding=\"async\" width=\"800\" height=\"600\" src=\"https:\/\/laltragarrotxa.com\/wp-content\/uploads\/2024\/08\/PHOTO-2024-07-18-19-36-20-1024x768.jpg\" class=\"attachment-large size-large wp-image-605\" alt=\"\" srcset=\"https:\/\/laltragarrotxa.com\/wp-content\/uploads\/2024\/08\/PHOTO-2024-07-18-19-36-20-1024x768.jpg 1024w, https:\/\/laltragarrotxa.com\/wp-content\/uploads\/2024\/08\/PHOTO-2024-07-18-19-36-20-300x225.jpg 300w, https:\/\/laltragarrotxa.com\/wp-content\/uploads\/2024\/08\/PHOTO-2024-07-18-19-36-20-768x576.jpg 768w, https:\/\/laltragarrotxa.com\/wp-content\/uploads\/2024\/08\/PHOTO-2024-07-18-19-36-20-1536x1152.jpg 1536w, https:\/\/laltragarrotxa.com\/wp-content\/uploads\/2024\/08\/PHOTO-2024-07-18-19-36-20-600x450.jpg 600w, https:\/\/laltragarrotxa.com\/wp-content\/uploads\/2024\/08\/PHOTO-2024-07-18-19-36-20.jpg 1600w\" sizes=\"(max-width: 800px) 100vw, 800px\" \/>\t\t\t\t\t\t\t\t\t\t\t<figcaption class=\"widget-image-caption wp-caption-text\">N\u00faria Can Manera<\/figcaption>\n\t\t\t\t\t\t\t\t\t\t<\/figure>\n\t\t\t\t\t\t\t<\/div>\n\t\t\t\t<\/div>\n\t\t\t\t<div class=\"elementor-element elementor-element-af84763 elementor-widget elementor-widget-image\" data-id=\"af84763\" data-element_type=\"widget\" data-widget_type=\"image.default\">\n\t\t\t\t<div class=\"elementor-widget-container\">\n\t\t\t\t\t\t\t\t\t\t<figure class=\"wp-caption\">\n\t\t\t\t\t\t\t\t\t\t<img decoding=\"async\" width=\"800\" height=\"600\" src=\"https:\/\/laltragarrotxa.com\/wp-content\/uploads\/2024\/08\/1444web-1024x768.jpg\" class=\"attachment-large size-large wp-image-607\" alt=\"\" srcset=\"https:\/\/laltragarrotxa.com\/wp-content\/uploads\/2024\/08\/1444web-1024x768.jpg 1024w, https:\/\/laltragarrotxa.com\/wp-content\/uploads\/2024\/08\/1444web-300x225.jpg 300w, https:\/\/laltragarrotxa.com\/wp-content\/uploads\/2024\/08\/1444web-768x576.jpg 768w, https:\/\/laltragarrotxa.com\/wp-content\/uploads\/2024\/08\/1444web-600x450.jpg 600w, https:\/\/laltragarrotxa.com\/wp-content\/uploads\/2024\/08\/1444web.jpg 1159w\" sizes=\"(max-width: 800px) 100vw, 800px\" \/>\t\t\t\t\t\t\t\t\t\t\t<figcaption class=\"widget-image-caption wp-caption-text\">L'Anna de Bocabartella<\/figcaption>\n\t\t\t\t\t\t\t\t\t\t<\/figure>\n\t\t\t\t\t\t\t<\/div>\n\t\t\t\t<\/div>\n\t\t\t\t<div class=\"elementor-element elementor-element-2ee920f elementor-widget elementor-widget-image\" data-id=\"2ee920f\" data-element_type=\"widget\" data-widget_type=\"image.default\">\n\t\t\t\t<div class=\"elementor-widget-container\">\n\t\t\t\t\t\t\t\t\t\t<figure class=\"wp-caption\">\n\t\t\t\t\t\t\t\t\t\t<img loading=\"lazy\" decoding=\"async\" width=\"800\" height=\"600\" src=\"https:\/\/laltragarrotxa.com\/wp-content\/uploads\/2024\/08\/PHOTO-2024-07-23-14-42-43.jpg\" class=\"attachment-large size-large wp-image-617\" alt=\"\" srcset=\"https:\/\/laltragarrotxa.com\/wp-content\/uploads\/2024\/08\/PHOTO-2024-07-23-14-42-43.jpg 877w, https:\/\/laltragarrotxa.com\/wp-content\/uploads\/2024\/08\/PHOTO-2024-07-23-14-42-43-300x225.jpg 300w, https:\/\/laltragarrotxa.com\/wp-content\/uploads\/2024\/08\/PHOTO-2024-07-23-14-42-43-768x576.jpg 768w, https:\/\/laltragarrotxa.com\/wp-content\/uploads\/2024\/08\/PHOTO-2024-07-23-14-42-43-600x450.jpg 600w\" sizes=\"(max-width: 800px) 100vw, 800px\" \/>\t\t\t\t\t\t\t\t\t\t\t<figcaption class=\"widget-image-caption wp-caption-text\">Teresa i Jordi de Sta B\u00e0rbara<\/figcaption>\n\t\t\t\t\t\t\t\t\t\t<\/figure>\n\t\t\t\t\t\t\t<\/div>\n\t\t\t\t<\/div>\n\t\t\t\t<div class=\"elementor-element elementor-element-d8c3f5c elementor-widget elementor-widget-image\" data-id=\"d8c3f5c\" data-element_type=\"widget\" data-widget_type=\"image.default\">\n\t\t\t\t<div class=\"elementor-widget-container\">\n\t\t\t\t\t\t\t\t\t\t<figure class=\"wp-caption\">\n\t\t\t\t\t\t\t\t\t\t<img loading=\"lazy\" decoding=\"async\" width=\"800\" height=\"600\" src=\"https:\/\/laltragarrotxa.com\/wp-content\/uploads\/2024\/08\/VictorCharly-1024x768.jpg\" class=\"attachment-large size-large wp-image-635\" alt=\"\" srcset=\"https:\/\/laltragarrotxa.com\/wp-content\/uploads\/2024\/08\/VictorCharly-1024x768.jpg 1024w, https:\/\/laltragarrotxa.com\/wp-content\/uploads\/2024\/08\/VictorCharly-300x225.jpg 300w, https:\/\/laltragarrotxa.com\/wp-content\/uploads\/2024\/08\/VictorCharly-768x576.jpg 768w, https:\/\/laltragarrotxa.com\/wp-content\/uploads\/2024\/08\/VictorCharly-1536x1152.jpg 1536w, https:\/\/laltragarrotxa.com\/wp-content\/uploads\/2024\/08\/VictorCharly-600x450.jpg 600w, https:\/\/laltragarrotxa.com\/wp-content\/uploads\/2024\/08\/VictorCharly.jpg 1600w\" sizes=\"(max-width: 800px) 100vw, 800px\" \/>\t\t\t\t\t\t\t\t\t\t\t<figcaption class=\"widget-image-caption wp-caption-text\">V\u00edctor i Charly Arkadia<\/figcaption>\n\t\t\t\t\t\t\t\t\t\t<\/figure>\n\t\t\t\t\t\t\t<\/div>\n\t\t\t\t<\/div>\n\t\t\t\t<div class=\"elementor-element elementor-element-654f02c elementor-widget elementor-widget-image\" data-id=\"654f02c\" data-element_type=\"widget\" data-widget_type=\"image.default\">\n\t\t\t\t<div class=\"elementor-widget-container\">\n\t\t\t\t\t\t\t\t\t\t<figure class=\"wp-caption\">\n\t\t\t\t\t\t\t\t\t\t<img loading=\"lazy\" decoding=\"async\" width=\"800\" height=\"600\" src=\"https:\/\/laltragarrotxa.com\/wp-content\/uploads\/2024\/08\/106-1024x768.jpg\" class=\"attachment-large size-large wp-image-707\" alt=\"\" srcset=\"https:\/\/laltragarrotxa.com\/wp-content\/uploads\/2024\/08\/106-1024x768.jpg 1024w, https:\/\/laltragarrotxa.com\/wp-content\/uploads\/2024\/08\/106-300x225.jpg 300w, https:\/\/laltragarrotxa.com\/wp-content\/uploads\/2024\/08\/106-768x576.jpg 768w, https:\/\/laltragarrotxa.com\/wp-content\/uploads\/2024\/08\/106-600x450.jpg 600w, https:\/\/laltragarrotxa.com\/wp-content\/uploads\/2024\/08\/106.jpg 1334w\" sizes=\"(max-width: 800px) 100vw, 800px\" \/>\t\t\t\t\t\t\t\t\t\t\t<figcaption class=\"widget-image-caption wp-caption-text\">Joan de Serrat del Pont<\/figcaption>\n\t\t\t\t\t\t\t\t\t\t<\/figure>\n\t\t\t\t\t\t\t<\/div>\n\t\t\t\t<\/div>\n\t\t\t\t\t<\/div>\n\t\t\t\t<\/div>\n\t\t<div class=\"elementor-element elementor-element-71adb4a e-grid e-con-boxed e-con e-parent\" data-id=\"71adb4a\" data-element_type=\"container\">\n\t\t\t\t\t<div class=\"e-con-inner\">\n\t\t\t\t<div class=\"elementor-element elementor-element-24148ee elementor-widget elementor-widget-image\" data-id=\"24148ee\" data-element_type=\"widget\" data-widget_type=\"image.default\">\n\t\t\t\t<div class=\"elementor-widget-container\">\n\t\t\t\t\t\t\t\t\t\t<figure class=\"wp-caption\">\n\t\t\t\t\t\t\t\t\t\t<img loading=\"lazy\" decoding=\"async\" width=\"800\" height=\"600\" src=\"https:\/\/laltragarrotxa.com\/wp-content\/uploads\/2024\/08\/Tots-quatre-2023-1024x768.jpg\" class=\"attachment-large size-large wp-image-709\" alt=\"\" srcset=\"https:\/\/laltragarrotxa.com\/wp-content\/uploads\/2024\/08\/Tots-quatre-2023-1024x768.jpg 1024w, https:\/\/laltragarrotxa.com\/wp-content\/uploads\/2024\/08\/Tots-quatre-2023-300x225.jpg 300w, https:\/\/laltragarrotxa.com\/wp-content\/uploads\/2024\/08\/Tots-quatre-2023-768x576.jpg 768w, https:\/\/laltragarrotxa.com\/wp-content\/uploads\/2024\/08\/Tots-quatre-2023-600x450.jpg 600w, https:\/\/laltragarrotxa.com\/wp-content\/uploads\/2024\/08\/Tots-quatre-2023.jpg 1500w\" sizes=\"(max-width: 800px) 100vw, 800px\" \/>\t\t\t\t\t\t\t\t\t\t\t<figcaption class=\"widget-image-caption wp-caption-text\">Fruits vermells d'Albany\u00e0<\/figcaption>\n\t\t\t\t\t\t\t\t\t\t<\/figure>\n\t\t\t\t\t\t\t<\/div>\n\t\t\t\t<\/div>\n\t\t\t\t<div class=\"elementor-element elementor-element-99e1143 elementor-widget elementor-widget-image\" data-id=\"99e1143\" data-element_type=\"widget\" data-widget_type=\"image.default\">\n\t\t\t\t<div class=\"elementor-widget-container\">\n\t\t\t\t\t\t\t\t\t\t\t\t\t<img decoding=\"async\" src=\"https:\/\/laltragarrotxa.com\/wp-content\/plugins\/elementor\/assets\/images\/placeholder.png\" title=\"\" alt=\"\" loading=\"lazy\" \/>\t\t\t\t\t\t\t\t\t\t\t\t\t<\/div>\n\t\t\t\t<\/div>\n\t\t\t\t<div class=\"elementor-element elementor-element-134a1b3 elementor-widget elementor-widget-image\" data-id=\"134a1b3\" data-element_type=\"widget\" data-widget_type=\"image.default\">\n\t\t\t\t<div class=\"elementor-widget-container\">\n\t\t\t\t\t\t\t\t\t\t\t\t\t<img decoding=\"async\" src=\"https:\/\/laltragarrotxa.com\/wp-content\/plugins\/elementor\/assets\/images\/placeholder.png\" title=\"\" alt=\"\" loading=\"lazy\" \/>\t\t\t\t\t\t\t\t\t\t\t\t\t<\/div>\n\t\t\t\t<\/div>\n\t\t\t\t<div class=\"elementor-element elementor-element-5db20eb elementor-widget elementor-widget-image\" data-id=\"5db20eb\" data-element_type=\"widget\" data-widget_type=\"image.default\">\n\t\t\t\t<div class=\"elementor-widget-container\">\n\t\t\t\t\t\t\t\t\t\t\t\t\t<img decoding=\"async\" src=\"https:\/\/laltragarrotxa.com\/wp-content\/plugins\/elementor\/assets\/images\/placeholder.png\" title=\"\" alt=\"\" loading=\"lazy\" \/>\t\t\t\t\t\t\t\t\t\t\t\t\t<\/div>\n\t\t\t\t<\/div>\n\t\t\t\t<div class=\"elementor-element elementor-element-2abe5a5 elementor-widget elementor-widget-image\" data-id=\"2abe5a5\" data-element_type=\"widget\" data-widget_type=\"image.default\">\n\t\t\t\t<div class=\"elementor-widget-container\">\n\t\t\t\t\t\t\t\t\t\t\t\t\t<img decoding=\"async\" src=\"https:\/\/laltragarrotxa.com\/wp-content\/plugins\/elementor\/assets\/images\/placeholder.png\" title=\"\" alt=\"\" loading=\"lazy\" \/>\t\t\t\t\t\t\t\t\t\t\t\t\t<\/div>\n\t\t\t\t<\/div>\n\t\t\t\t<div class=\"elementor-element elementor-element-4bc1443 elementor-widget elementor-widget-image\" data-id=\"4bc1443\" data-element_type=\"widget\" data-widget_type=\"image.default\">\n\t\t\t\t<div class=\"elementor-widget-container\">\n\t\t\t\t\t\t\t\t\t\t\t\t\t<img decoding=\"async\" src=\"https:\/\/laltragarrotxa.com\/wp-content\/plugins\/elementor\/assets\/images\/placeholder.png\" title=\"\" alt=\"\" loading=\"lazy\" \/>\t\t\t\t\t\t\t\t\t\t\t\t\t<\/div>\n\t\t\t\t<\/div>\n\t\t\t\t\t<\/div>\n\t\t\t\t<\/div>\n\t\t\t\t<\/div>\n\t\t","protected":false},"excerpt":{"rendered":"","protected":false},"author":1,"featured_media":0,"parent":0,"menu_order":0,"comment_status":"closed","ping_status":"closed","template":"","meta":{"footnotes":""},"class_list":["post-739","page","type-page","status-publish","hentry"],"yoast_head":"<!-- This site is optimized with the Yoast SEO plugin v25.7 - https:\/\/yoast.com\/wordpress\/plugins\/seo\/ -->\n<title>Who we are - L&#039;Altra Garrotxa<\/title>\n<meta name=\"robots\" content=\"index, follow, max-snippet:-1, max-image-preview:large, max-video-preview:-1\" \/>\n<link rel=\"canonical\" href=\"https:\/\/laltragarrotxa.com\/en\/who-we-are\/\" \/>\n<meta property=\"og:locale\" content=\"en_US\" \/>\n<meta property=\"og:type\" content=\"article\" \/>\n<meta property=\"og:title\" content=\"Who we are - L&#039;Altra Garrotxa\" \/>\n<meta property=\"og:url\" content=\"https:\/\/laltragarrotxa.com\/en\/who-we-are\/\" \/>\n<meta property=\"og:site_name\" content=\"L&#039;Altra Garrotxa\" \/>\n<meta property=\"article:modified_time\" content=\"2024-09-01T09:08:40+00:00\" \/>\n<meta name=\"twitter:card\" content=\"summary_large_image\" \/>\n<script type=\"application\/ld+json\" class=\"yoast-schema-graph\">{\"@context\":\"https:\/\/schema.org\",\"@graph\":[{\"@type\":\"WebPage\",\"@id\":\"https:\/\/laltragarrotxa.com\/en\/who-we-are\/\",\"url\":\"https:\/\/laltragarrotxa.com\/en\/who-we-are\/\",\"name\":\"Who we are - L&#039;Altra Garrotxa\",\"isPartOf\":{\"@id\":\"https:\/\/laltragarrotxa.com\/en\/#website\"},\"datePublished\":\"2024-07-25T14:31:20+00:00\",\"dateModified\":\"2024-09-01T09:08:40+00:00\",\"breadcrumb\":{\"@id\":\"https:\/\/laltragarrotxa.com\/en\/who-we-are\/#breadcrumb\"},\"inLanguage\":\"en-US\",\"potentialAction\":[{\"@type\":\"ReadAction\",\"target\":[\"https:\/\/laltragarrotxa.com\/en\/who-we-are\/\"]}]},{\"@type\":\"BreadcrumbList\",\"@id\":\"https:\/\/laltragarrotxa.com\/en\/who-we-are\/#breadcrumb\",\"itemListElement\":[{\"@type\":\"ListItem\",\"position\":1,\"name\":\"Inici\",\"item\":\"https:\/\/laltragarrotxa.com\/en\/\"},{\"@type\":\"ListItem\",\"position\":2,\"name\":\"Who we are\"}]},{\"@type\":\"WebSite\",\"@id\":\"https:\/\/laltragarrotxa.com\/en\/#website\",\"url\":\"https:\/\/laltragarrotxa.com\/en\/\",\"name\":\"L'Altra Garrotxa\",\"description\":\"Tallers i activitats exclusives a l&#039;Alta Garrotxa\",\"publisher\":{\"@id\":\"https:\/\/laltragarrotxa.com\/en\/#organization\"},\"potentialAction\":[{\"@type\":\"SearchAction\",\"target\":{\"@type\":\"EntryPoint\",\"urlTemplate\":\"https:\/\/laltragarrotxa.com\/en\/?s={search_term_string}\"},\"query-input\":{\"@type\":\"PropertyValueSpecification\",\"valueRequired\":true,\"valueName\":\"search_term_string\"}}],\"inLanguage\":\"en-US\"},{\"@type\":\"Organization\",\"@id\":\"https:\/\/laltragarrotxa.com\/en\/#organization\",\"name\":\"L'Altra Garrotxa\",\"url\":\"https:\/\/laltragarrotxa.com\/en\/\",\"logo\":{\"@type\":\"ImageObject\",\"inLanguage\":\"en-US\",\"@id\":\"https:\/\/laltragarrotxa.com\/en\/#\/schema\/logo\/image\/\",\"url\":\"https:\/\/laltragarrotxa.com\/wp-content\/uploads\/2024\/07\/LALTrA-GARROTXA2-1.png\",\"contentUrl\":\"https:\/\/laltragarrotxa.com\/wp-content\/uploads\/2024\/07\/LALTrA-GARROTXA2-1.png\",\"width\":1699,\"height\":283,\"caption\":\"L'Altra Garrotxa\"},\"image\":{\"@id\":\"https:\/\/laltragarrotxa.com\/en\/#\/schema\/logo\/image\/\"}}]}<\/script>\n<!-- \/ Yoast SEO plugin. -->","yoast_head_json":{"title":"Who we are - L&#039;Altra Garrotxa","robots":{"index":"index","follow":"follow","max-snippet":"max-snippet:-1","max-image-preview":"max-image-preview:large","max-video-preview":"max-video-preview:-1"},"canonical":"https:\/\/laltragarrotxa.com\/en\/who-we-are\/","og_locale":"en_US","og_type":"article","og_title":"Who we are - L&#039;Altra Garrotxa","og_url":"https:\/\/laltragarrotxa.com\/en\/who-we-are\/","og_site_name":"L&#039;Altra Garrotxa","article_modified_time":"2024-09-01T09:08:40+00:00","twitter_card":"summary_large_image","schema":{"@context":"https:\/\/schema.org","@graph":[{"@type":"WebPage","@id":"https:\/\/laltragarrotxa.com\/en\/who-we-are\/","url":"https:\/\/laltragarrotxa.com\/en\/who-we-are\/","name":"Who we are - L&#039;Altra Garrotxa","isPartOf":{"@id":"https:\/\/laltragarrotxa.com\/en\/#website"},"datePublished":"2024-07-25T14:31:20+00:00","dateModified":"2024-09-01T09:08:40+00:00","breadcrumb":{"@id":"https:\/\/laltragarrotxa.com\/en\/who-we-are\/#breadcrumb"},"inLanguage":"en-US","potentialAction":[{"@type":"ReadAction","target":["https:\/\/laltragarrotxa.com\/en\/who-we-are\/"]}]},{"@type":"BreadcrumbList","@id":"https:\/\/laltragarrotxa.com\/en\/who-we-are\/#breadcrumb","itemListElement":[{"@type":"ListItem","position":1,"name":"Inici","item":"https:\/\/laltragarrotxa.com\/en\/"},{"@type":"ListItem","position":2,"name":"Who we are"}]},{"@type":"WebSite","@id":"https:\/\/laltragarrotxa.com\/en\/#website","url":"https:\/\/laltragarrotxa.com\/en\/","name":"L'Altra Garrotxa","description":"Tallers i activitats exclusives a l&#039;Alta Garrotxa","publisher":{"@id":"https:\/\/laltragarrotxa.com\/en\/#organization"},"potentialAction":[{"@type":"SearchAction","target":{"@type":"EntryPoint","urlTemplate":"https:\/\/laltragarrotxa.com\/en\/?s={search_term_string}"},"query-input":{"@type":"PropertyValueSpecification","valueRequired":true,"valueName":"search_term_string"}}],"inLanguage":"en-US"},{"@type":"Organization","@id":"https:\/\/laltragarrotxa.com\/en\/#organization","name":"L'Altra Garrotxa","url":"https:\/\/laltragarrotxa.com\/en\/","logo":{"@type":"ImageObject","inLanguage":"en-US","@id":"https:\/\/laltragarrotxa.com\/en\/#\/schema\/logo\/image\/","url":"https:\/\/laltragarrotxa.com\/wp-content\/uploads\/2024\/07\/LALTrA-GARROTXA2-1.png","contentUrl":"https:\/\/laltragarrotxa.com\/wp-content\/uploads\/2024\/07\/LALTrA-GARROTXA2-1.png","width":1699,"height":283,"caption":"L'Altra Garrotxa"},"image":{"@id":"https:\/\/laltragarrotxa.com\/en\/#\/schema\/logo\/image\/"}}]}},"_links":{"self":[{"href":"https:\/\/laltragarrotxa.com\/en\/wp-json\/wp\/v2\/pages\/739","targetHints":{"allow":["GET"]}}],"collection":[{"href":"https:\/\/laltragarrotxa.com\/en\/wp-json\/wp\/v2\/pages"}],"about":[{"href":"https:\/\/laltragarrotxa.com\/en\/wp-json\/wp\/v2\/types\/page"}],"author":[{"embeddable":true,"href":"https:\/\/laltragarrotxa.com\/en\/wp-json\/wp\/v2\/users\/1"}],"replies":[{"embeddable":true,"href":"https:\/\/laltragarrotxa.com\/en\/wp-json\/wp\/v2\/comments?post=739"}],"version-history":[{"count":1,"href":"https:\/\/laltragarrotxa.com\/en\/wp-json\/wp\/v2\/pages\/739\/revisions"}],"predecessor-version":[{"id":740,"href":"https:\/\/laltragarrotxa.com\/en\/wp-json\/wp\/v2\/pages\/739\/revisions\/740"}],"wp:attachment":[{"href":"https:\/\/laltragarrotxa.com\/en\/wp-json\/wp\/v2\/media?parent=739"}],"curies":[{"name":"wp","href":"https:\/\/api.w.org\/{rel}","templated":true}]}}