{"id":788,"date":"2025-05-27T11:30:43","date_gmt":"2025-05-27T09:30:43","guid":{"rendered":"https:\/\/laltragarrotxa.com\/?post_type=product&#038;p=788"},"modified":"2025-06-02T11:01:08","modified_gmt":"2025-06-02T09:01:08","slug":"nit-i-pic-bassegoda","status":"publish","type":"product","link":"https:\/\/laltragarrotxa.com\/en\/producte\/nit-i-pic-bassegoda\/","title":{"rendered":"Nit i Pic: Bassegoda"},"content":{"rendered":"<p>Quan fa que no et regales un moment de pausa i desconnexi\u00f3? Aquesta experi\u00e8ncia no \u00e9s una escapada m\u00e9s de cap de setmana ni una nit qualsevol en un entorn rural. <strong>Nit i Pic<\/strong> \u00e9s una invitaci\u00f3 a aturar-nos, posar els sentits en el que ens envolta i connectar amb la natura, tamb\u00e9 amb d\u2019altres persones.<br \/>\nEls or\u00edgens del top\u00f2nim Bassegoda el podem trobar en el basc actual, on els mots basa o baso volen dir \u201csalvatge, brutal\u201d o \u201cbosc, selva\u201d i on goiti significa \u201ccimera, altura\u201d. \u00c9s aix\u00ed que Basagoiti es podria traduir com a \u201ccimera salvatge\u201d o \u201cbosc d\u2019altura\u201d, una descripci\u00f3 que encaixa molt amb les roques i singles que defineixen el cim.<br \/>\nL\u2019activitat que us proposem comen\u00e7a a la tarda, al poble de Tortell\u00e0, no m\u00e9s de sis persones. Sense pressa i aprofitant la baixada del sol. Des d\u2019all\u00ed sortirem cap a una casa de pag\u00e8s enmig de l\u2019Alta Garrotxa, ancorada al ritme del territori, els seus animals, la seva fauna i les persones que l\u2019habiten.<br \/>\nEn arribar a la masia, el silenci i els llums del vespre ens donaran la benvinguda, en un espai acollidor, que respira calma i on gaudirem d\u2019un bon \u00e0pat amb productes de la terra, sense pressa i escoltant l\u2019entorn.<br \/>\nL\u2019endem\u00e0, sense c\u00f3rrer, ja esmorzats i amb una motxilla lleugera, enfilarem cap al Bassegoda. Entre arbres i corriols, singles i roques barrejades de verds, colls i valls entre Catalunya i Fran\u00e7a. En arribar al cim, el paisatge i la Garrotxa vista des de dalt.<br \/>\nAquesta activitat est\u00e0 pensada per viure-la en petit comit\u00e8, sense estrid\u00e8ncies ni presses, tornant al que \u00e9s essencial: la llum del sol del capvespre, una casa, una taula compartida i un cam\u00ed.<br \/>\nInformaci\u00f3 pr\u00e0ctica:<br \/>\n&#8211; Aquesta activitat \u00e9s de temporada, pensada per evitar la calor dels mesos d\u2019estiu.<br \/>\n&#8211; Lloc i hora de trobada: Tortell\u00e0, a les 19:00h. Despla\u00e7ament en 4&#215;4 fins a masia enmig de l\u2019Alta Garrotxa i arribada abans de fer-se fosc. Inici de ruta a les 6.30 AM i tornada abans del migdia.<br \/>\n&#8211; Dificultat de l\u2019ascensi\u00f3: mitja, amb una duraci\u00f3 aprox. de 5 hores, 8 km i 700 metres desnivell.<br \/>\n&#8211; La pernoctaci\u00f3 i el sopar no estan inclosos i tenen un cost de 50 euros per persona.<\/p>\n<p>&nbsp;<\/p>\n<p>&nbsp;<\/p>\n","protected":false},"excerpt":{"rendered":"<p>Quan fa que no et regales un moment de pausa i desconnexi\u00f3? Aquesta experi\u00e8ncia no \u00e9s una escapada m\u00e9s de cap de setmana ni una nit qualsevol en un entorn rural. Nit i Pic \u00e9s una invitaci\u00f3 a aturar-nos, posar els sentits en el que ens envolta i connectar amb la natura, tamb\u00e9 amb d\u2019altres [&hellip;]<\/p>\n","protected":false},"featured_media":789,"template":"","meta":[],"product_cat":[19],"product_tag":[],"class_list":{"0":"post-788","1":"product","2":"type-product","3":"status-publish","4":"has-post-thumbnail","6":"product_cat-de-temporada","8":"first","9":"instock","10":"taxable","11":"shipping-taxable","12":"purchasable","13":"product-type-simple"},"yoast_head":"<!-- This site is optimized with the Yoast SEO plugin v25.7 - https:\/\/yoast.com\/wordpress\/plugins\/seo\/ -->\n<title>Nit i Pic: Bassegoda - L&#039;Altra Garrotxa<\/title>\n<meta name=\"robots\" content=\"index, follow, max-snippet:-1, max-image-preview:large, max-video-preview:-1\" \/>\n<link rel=\"canonical\" href=\"https:\/\/laltragarrotxa.com\/en\/producte\/nit-i-pic-bassegoda\/\" \/>\n<meta property=\"og:locale\" content=\"en_US\" \/>\n<meta property=\"og:type\" content=\"article\" \/>\n<meta property=\"og:title\" content=\"Nit i Pic: Bassegoda - L&#039;Altra Garrotxa\" \/>\n<meta property=\"og:description\" content=\"Quan fa que no et regales un moment de pausa i desconnexi\u00f3? Aquesta experi\u00e8ncia no \u00e9s una escapada m\u00e9s de cap de setmana ni una nit qualsevol en un entorn rural. Nit i Pic \u00e9s una invitaci\u00f3 a aturar-nos, posar els sentits en el que ens envolta i connectar amb la natura, tamb\u00e9 amb d\u2019altres [&hellip;]\" \/>\n<meta property=\"og:url\" content=\"https:\/\/laltragarrotxa.com\/en\/producte\/nit-i-pic-bassegoda\/\" \/>\n<meta property=\"og:site_name\" content=\"L&#039;Altra Garrotxa\" \/>\n<meta property=\"article:modified_time\" content=\"2025-06-02T09:01:08+00:00\" \/>\n<meta property=\"og:image\" content=\"https:\/\/laltragarrotxa.com\/wp-content\/uploads\/2025\/05\/DSF4913-2-scaled.jpg\" \/>\n\t<meta property=\"og:image:width\" content=\"2560\" \/>\n\t<meta property=\"og:image:height\" content=\"1707\" \/>\n\t<meta property=\"og:image:type\" content=\"image\/jpeg\" \/>\n<meta name=\"twitter:card\" content=\"summary_large_image\" \/>\n<meta name=\"twitter:label1\" content=\"Est. reading time\" \/>\n\t<meta name=\"twitter:data1\" content=\"3 minutes\" \/>\n<script type=\"application\/ld+json\" class=\"yoast-schema-graph\">{\"@context\":\"https:\/\/schema.org\",\"@graph\":[{\"@type\":\"WebPage\",\"@id\":\"https:\/\/laltragarrotxa.com\/en\/producte\/nit-i-pic-bassegoda\/\",\"url\":\"https:\/\/laltragarrotxa.com\/en\/producte\/nit-i-pic-bassegoda\/\",\"name\":\"Nit i Pic: Bassegoda - L&#039;Altra Garrotxa\",\"isPartOf\":{\"@id\":\"https:\/\/laltragarrotxa.com\/en\/#website\"},\"primaryImageOfPage\":{\"@id\":\"https:\/\/laltragarrotxa.com\/en\/producte\/nit-i-pic-bassegoda\/#primaryimage\"},\"image\":{\"@id\":\"https:\/\/laltragarrotxa.com\/en\/producte\/nit-i-pic-bassegoda\/#primaryimage\"},\"thumbnailUrl\":\"https:\/\/laltragarrotxa.com\/wp-content\/uploads\/2025\/05\/DSF4913-2-scaled.jpg\",\"datePublished\":\"2025-05-27T09:30:43+00:00\",\"dateModified\":\"2025-06-02T09:01:08+00:00\",\"breadcrumb\":{\"@id\":\"https:\/\/laltragarrotxa.com\/en\/producte\/nit-i-pic-bassegoda\/#breadcrumb\"},\"inLanguage\":\"en-US\",\"potentialAction\":[{\"@type\":\"ReadAction\",\"target\":[\"https:\/\/laltragarrotxa.com\/en\/producte\/nit-i-pic-bassegoda\/\"]}]},{\"@type\":\"ImageObject\",\"inLanguage\":\"en-US\",\"@id\":\"https:\/\/laltragarrotxa.com\/en\/producte\/nit-i-pic-bassegoda\/#primaryimage\",\"url\":\"https:\/\/laltragarrotxa.com\/wp-content\/uploads\/2025\/05\/DSF4913-2-scaled.jpg\",\"contentUrl\":\"https:\/\/laltragarrotxa.com\/wp-content\/uploads\/2025\/05\/DSF4913-2-scaled.jpg\",\"width\":2560,\"height\":1707},{\"@type\":\"BreadcrumbList\",\"@id\":\"https:\/\/laltragarrotxa.com\/en\/producte\/nit-i-pic-bassegoda\/#breadcrumb\",\"itemListElement\":[{\"@type\":\"ListItem\",\"position\":1,\"name\":\"Inici\",\"item\":\"https:\/\/laltragarrotxa.com\/en\/\"},{\"@type\":\"ListItem\",\"position\":2,\"name\":\"Shop\",\"item\":\"https:\/\/laltragarrotxa.com\/en\/shop\/\"},{\"@type\":\"ListItem\",\"position\":3,\"name\":\"Nit i Pic: Bassegoda\"}]},{\"@type\":\"WebSite\",\"@id\":\"https:\/\/laltragarrotxa.com\/en\/#website\",\"url\":\"https:\/\/laltragarrotxa.com\/en\/\",\"name\":\"L'Altra Garrotxa\",\"description\":\"Tallers i activitats exclusives a l&#039;Alta Garrotxa\",\"publisher\":{\"@id\":\"https:\/\/laltragarrotxa.com\/en\/#organization\"},\"potentialAction\":[{\"@type\":\"SearchAction\",\"target\":{\"@type\":\"EntryPoint\",\"urlTemplate\":\"https:\/\/laltragarrotxa.com\/en\/?s={search_term_string}\"},\"query-input\":{\"@type\":\"PropertyValueSpecification\",\"valueRequired\":true,\"valueName\":\"search_term_string\"}}],\"inLanguage\":\"en-US\"},{\"@type\":\"Organization\",\"@id\":\"https:\/\/laltragarrotxa.com\/en\/#organization\",\"name\":\"L'Altra Garrotxa\",\"url\":\"https:\/\/laltragarrotxa.com\/en\/\",\"logo\":{\"@type\":\"ImageObject\",\"inLanguage\":\"en-US\",\"@id\":\"https:\/\/laltragarrotxa.com\/en\/#\/schema\/logo\/image\/\",\"url\":\"https:\/\/laltragarrotxa.com\/wp-content\/uploads\/2024\/07\/LALTrA-GARROTXA2-1.png\",\"contentUrl\":\"https:\/\/laltragarrotxa.com\/wp-content\/uploads\/2024\/07\/LALTrA-GARROTXA2-1.png\",\"width\":1699,\"height\":283,\"caption\":\"L'Altra Garrotxa\"},\"image\":{\"@id\":\"https:\/\/laltragarrotxa.com\/en\/#\/schema\/logo\/image\/\"}}]}<\/script>\n<!-- \/ Yoast SEO plugin. -->","yoast_head_json":{"title":"Nit i Pic: Bassegoda - L&#039;Altra Garrotxa","robots":{"index":"index","follow":"follow","max-snippet":"max-snippet:-1","max-image-preview":"max-image-preview:large","max-video-preview":"max-video-preview:-1"},"canonical":"https:\/\/laltragarrotxa.com\/en\/producte\/nit-i-pic-bassegoda\/","og_locale":"en_US","og_type":"article","og_title":"Nit i Pic: Bassegoda - L&#039;Altra Garrotxa","og_description":"Quan fa que no et regales un moment de pausa i desconnexi\u00f3? Aquesta experi\u00e8ncia no \u00e9s una escapada m\u00e9s de cap de setmana ni una nit qualsevol en un entorn rural. Nit i Pic \u00e9s una invitaci\u00f3 a aturar-nos, posar els sentits en el que ens envolta i connectar amb la natura, tamb\u00e9 amb d\u2019altres [&hellip;]","og_url":"https:\/\/laltragarrotxa.com\/en\/producte\/nit-i-pic-bassegoda\/","og_site_name":"L&#039;Altra Garrotxa","article_modified_time":"2025-06-02T09:01:08+00:00","og_image":[{"width":2560,"height":1707,"url":"https:\/\/laltragarrotxa.com\/wp-content\/uploads\/2025\/05\/DSF4913-2-scaled.jpg","type":"image\/jpeg"}],"twitter_card":"summary_large_image","twitter_misc":{"Est. reading time":"3 minutes"},"schema":{"@context":"https:\/\/schema.org","@graph":[{"@type":"WebPage","@id":"https:\/\/laltragarrotxa.com\/en\/producte\/nit-i-pic-bassegoda\/","url":"https:\/\/laltragarrotxa.com\/en\/producte\/nit-i-pic-bassegoda\/","name":"Nit i Pic: Bassegoda - L&#039;Altra Garrotxa","isPartOf":{"@id":"https:\/\/laltragarrotxa.com\/en\/#website"},"primaryImageOfPage":{"@id":"https:\/\/laltragarrotxa.com\/en\/producte\/nit-i-pic-bassegoda\/#primaryimage"},"image":{"@id":"https:\/\/laltragarrotxa.com\/en\/producte\/nit-i-pic-bassegoda\/#primaryimage"},"thumbnailUrl":"https:\/\/laltragarrotxa.com\/wp-content\/uploads\/2025\/05\/DSF4913-2-scaled.jpg","datePublished":"2025-05-27T09:30:43+00:00","dateModified":"2025-06-02T09:01:08+00:00","breadcrumb":{"@id":"https:\/\/laltragarrotxa.com\/en\/producte\/nit-i-pic-bassegoda\/#breadcrumb"},"inLanguage":"en-US","potentialAction":[{"@type":"ReadAction","target":["https:\/\/laltragarrotxa.com\/en\/producte\/nit-i-pic-bassegoda\/"]}]},{"@type":"ImageObject","inLanguage":"en-US","@id":"https:\/\/laltragarrotxa.com\/en\/producte\/nit-i-pic-bassegoda\/#primaryimage","url":"https:\/\/laltragarrotxa.com\/wp-content\/uploads\/2025\/05\/DSF4913-2-scaled.jpg","contentUrl":"https:\/\/laltragarrotxa.com\/wp-content\/uploads\/2025\/05\/DSF4913-2-scaled.jpg","width":2560,"height":1707},{"@type":"BreadcrumbList","@id":"https:\/\/laltragarrotxa.com\/en\/producte\/nit-i-pic-bassegoda\/#breadcrumb","itemListElement":[{"@type":"ListItem","position":1,"name":"Inici","item":"https:\/\/laltragarrotxa.com\/en\/"},{"@type":"ListItem","position":2,"name":"Shop","item":"https:\/\/laltragarrotxa.com\/en\/shop\/"},{"@type":"ListItem","position":3,"name":"Nit i Pic: Bassegoda"}]},{"@type":"WebSite","@id":"https:\/\/laltragarrotxa.com\/en\/#website","url":"https:\/\/laltragarrotxa.com\/en\/","name":"L'Altra Garrotxa","description":"Tallers i activitats exclusives a l&#039;Alta Garrotxa","publisher":{"@id":"https:\/\/laltragarrotxa.com\/en\/#organization"},"potentialAction":[{"@type":"SearchAction","target":{"@type":"EntryPoint","urlTemplate":"https:\/\/laltragarrotxa.com\/en\/?s={search_term_string}"},"query-input":{"@type":"PropertyValueSpecification","valueRequired":true,"valueName":"search_term_string"}}],"inLanguage":"en-US"},{"@type":"Organization","@id":"https:\/\/laltragarrotxa.com\/en\/#organization","name":"L'Altra Garrotxa","url":"https:\/\/laltragarrotxa.com\/en\/","logo":{"@type":"ImageObject","inLanguage":"en-US","@id":"https:\/\/laltragarrotxa.com\/en\/#\/schema\/logo\/image\/","url":"https:\/\/laltragarrotxa.com\/wp-content\/uploads\/2024\/07\/LALTrA-GARROTXA2-1.png","contentUrl":"https:\/\/laltragarrotxa.com\/wp-content\/uploads\/2024\/07\/LALTrA-GARROTXA2-1.png","width":1699,"height":283,"caption":"L'Altra Garrotxa"},"image":{"@id":"https:\/\/laltragarrotxa.com\/en\/#\/schema\/logo\/image\/"}}]}},"_links":{"self":[{"href":"https:\/\/laltragarrotxa.com\/en\/wp-json\/wp\/v2\/product\/788","targetHints":{"allow":["GET"]}}],"collection":[{"href":"https:\/\/laltragarrotxa.com\/en\/wp-json\/wp\/v2\/product"}],"about":[{"href":"https:\/\/laltragarrotxa.com\/en\/wp-json\/wp\/v2\/types\/product"}],"wp:featuredmedia":[{"embeddable":true,"href":"https:\/\/laltragarrotxa.com\/en\/wp-json\/wp\/v2\/media\/789"}],"wp:attachment":[{"href":"https:\/\/laltragarrotxa.com\/en\/wp-json\/wp\/v2\/media?parent=788"}],"wp:term":[{"taxonomy":"product_cat","embeddable":true,"href":"https:\/\/laltragarrotxa.com\/en\/wp-json\/wp\/v2\/product_cat?post=788"},{"taxonomy":"product_tag","embeddable":true,"href":"https:\/\/laltragarrotxa.com\/en\/wp-json\/wp\/v2\/product_tag?post=788"}],"curies":[{"name":"wp","href":"https:\/\/api.w.org\/{rel}","templated":true}]}}