{"id":79,"date":"2024-07-29T18:23:20","date_gmt":"2024-07-29T16:23:20","guid":{"rendered":"https:\/\/laltragarrotxa.btiquets.com\/?post_type=product&#038;p=79"},"modified":"2024-08-22T18:11:30","modified_gmt":"2024-08-22T16:11:30","slug":"ocells-rapinyaires","status":"publish","type":"product","link":"https:\/\/laltragarrotxa.com\/es\/producte\/ocells-rapinyaires\/","title":{"rendered":"Rapinyaires, observaci\u00f3 i fotografia"},"content":{"rendered":"<p>Experi\u00e8ncia amb preu tancat de 300\u20ac per grup de 1 a 3 participants.<\/p>\n<p>El transport fins al lloc d\u2019inici i tornada de l\u2019activitat \u00e9s gratu\u00eft pels nostres clients.<\/p>\n<p>La durada de la proposta pot variar en funci\u00f3 de les aus rapinyaires, essent 4-5 hores el temps habitual.<\/p>\n<p>Aquesta proposta es realitza sota demanda i es necessari comfirmar les dates amb dies d&#8217;antelaci\u00f3.<\/p>\n<p>Durant l&#8217;activitat l&#8217;avituallament va a c\u00e0rrec nostre.<\/p>\n<p>L&#8217;experi\u00e8ncia es realitza en un canyet on els participants estan situats en un amagatall o \u00abhide\u00bb. Es pot observar i fotografiar habitualment el voltor com\u00fa i corbids, amb menys afluencia tamb\u00e9: aufrany com\u00fa, \u00e0guila daurada i trencal\u00f3s.<\/p>\n<p>En tot moment comptareu amb ajuda, si es necessari, en l&#8217;\u00fas de la c\u00e0mera i teleobjectius. I si ho necessiteu tamb\u00e9 podreu utilitzar el nostre equip.<\/p>\n","protected":false},"excerpt":{"rendered":"<p>Experi\u00e8ncia amb preu tancat de 300\u20ac per grup de 1 a 3 participants. El transport fins al lloc d\u2019inici i tornada de l\u2019activitat \u00e9s gratu\u00eft pels nostres clients. La durada de la proposta pot variar en funci\u00f3 de les aus rapinyaires, essent 4-5 hores el temps habitual. Aquesta proposta es realitza sota demanda i es [&hellip;]<\/p>\n","protected":false},"featured_media":200,"template":"","meta":[],"product_cat":[19],"product_tag":[],"class_list":{"0":"post-79","1":"product","2":"type-product","3":"status-publish","4":"has-post-thumbnail","6":"product_cat-de-temporada","8":"first","9":"instock","10":"taxable","11":"shipping-taxable","12":"purchasable","13":"product-type-simple"},"yoast_head":"<!-- This site is optimized with the Yoast SEO plugin v25.7 - https:\/\/yoast.com\/wordpress\/plugins\/seo\/ -->\n<title>Rapinyaires, observaci\u00f3 i fotografia - L&#039;Altra Garrotxa<\/title>\n<meta name=\"robots\" content=\"index, follow, max-snippet:-1, max-image-preview:large, max-video-preview:-1\" \/>\n<link rel=\"canonical\" href=\"https:\/\/laltragarrotxa.com\/es\/producte\/ocells-rapinyaires\/\" \/>\n<meta property=\"og:locale\" content=\"es_ES\" \/>\n<meta property=\"og:type\" content=\"article\" \/>\n<meta property=\"og:title\" content=\"Rapinyaires, observaci\u00f3 i fotografia - L&#039;Altra Garrotxa\" \/>\n<meta property=\"og:description\" content=\"Experi\u00e8ncia amb preu tancat de 300\u20ac per grup de 1 a 3 participants. El transport fins al lloc d\u2019inici i tornada de l\u2019activitat \u00e9s gratu\u00eft pels nostres clients. La durada de la proposta pot variar en funci\u00f3 de les aus rapinyaires, essent 4-5 hores el temps habitual. Aquesta proposta es realitza sota demanda i es [&hellip;]\" \/>\n<meta property=\"og:url\" content=\"https:\/\/laltragarrotxa.com\/es\/producte\/ocells-rapinyaires\/\" \/>\n<meta property=\"og:site_name\" content=\"L&#039;Altra Garrotxa\" \/>\n<meta property=\"article:modified_time\" content=\"2024-08-22T16:11:30+00:00\" \/>\n<meta property=\"og:image\" content=\"https:\/\/laltragarrotxa.com\/wp-content\/uploads\/2024\/08\/DSF7912web.jpg\" \/>\n\t<meta property=\"og:image:width\" content=\"1500\" \/>\n\t<meta property=\"og:image:height\" content=\"1000\" \/>\n\t<meta property=\"og:image:type\" content=\"image\/jpeg\" \/>\n<meta name=\"twitter:card\" content=\"summary_large_image\" \/>\n<meta name=\"twitter:label1\" content=\"Tiempo de lectura\" \/>\n\t<meta name=\"twitter:data1\" content=\"1 minuto\" \/>\n<script type=\"application\/ld+json\" class=\"yoast-schema-graph\">{\"@context\":\"https:\/\/schema.org\",\"@graph\":[{\"@type\":\"WebPage\",\"@id\":\"https:\/\/laltragarrotxa.com\/es\/producte\/ocells-rapinyaires\/\",\"url\":\"https:\/\/laltragarrotxa.com\/es\/producte\/ocells-rapinyaires\/\",\"name\":\"Rapinyaires, observaci\u00f3 i fotografia - L&#039;Altra Garrotxa\",\"isPartOf\":{\"@id\":\"https:\/\/laltragarrotxa.com\/es\/#website\"},\"primaryImageOfPage\":{\"@id\":\"https:\/\/laltragarrotxa.com\/es\/producte\/ocells-rapinyaires\/#primaryimage\"},\"image\":{\"@id\":\"https:\/\/laltragarrotxa.com\/es\/producte\/ocells-rapinyaires\/#primaryimage\"},\"thumbnailUrl\":\"https:\/\/laltragarrotxa.com\/wp-content\/uploads\/2024\/08\/DSF7912web.jpg\",\"datePublished\":\"2024-07-29T16:23:20+00:00\",\"dateModified\":\"2024-08-22T16:11:30+00:00\",\"breadcrumb\":{\"@id\":\"https:\/\/laltragarrotxa.com\/es\/producte\/ocells-rapinyaires\/#breadcrumb\"},\"inLanguage\":\"es\",\"potentialAction\":[{\"@type\":\"ReadAction\",\"target\":[\"https:\/\/laltragarrotxa.com\/es\/producte\/ocells-rapinyaires\/\"]}]},{\"@type\":\"ImageObject\",\"inLanguage\":\"es\",\"@id\":\"https:\/\/laltragarrotxa.com\/es\/producte\/ocells-rapinyaires\/#primaryimage\",\"url\":\"https:\/\/laltragarrotxa.com\/wp-content\/uploads\/2024\/08\/DSF7912web.jpg\",\"contentUrl\":\"https:\/\/laltragarrotxa.com\/wp-content\/uploads\/2024\/08\/DSF7912web.jpg\",\"width\":1500,\"height\":1000},{\"@type\":\"BreadcrumbList\",\"@id\":\"https:\/\/laltragarrotxa.com\/es\/producte\/ocells-rapinyaires\/#breadcrumb\",\"itemListElement\":[{\"@type\":\"ListItem\",\"position\":1,\"name\":\"Inici\",\"item\":\"https:\/\/laltragarrotxa.com\/es\/\"},{\"@type\":\"ListItem\",\"position\":2,\"name\":\"Tienda\",\"item\":\"https:\/\/laltragarrotxa.com\/es\/tienda\/\"},{\"@type\":\"ListItem\",\"position\":3,\"name\":\"Rapinyaires, observaci\u00f3 i fotografia\"}]},{\"@type\":\"WebSite\",\"@id\":\"https:\/\/laltragarrotxa.com\/es\/#website\",\"url\":\"https:\/\/laltragarrotxa.com\/es\/\",\"name\":\"L'Altra Garrotxa\",\"description\":\"Tallers i activitats exclusives a l&#039;Alta Garrotxa\",\"publisher\":{\"@id\":\"https:\/\/laltragarrotxa.com\/es\/#organization\"},\"potentialAction\":[{\"@type\":\"SearchAction\",\"target\":{\"@type\":\"EntryPoint\",\"urlTemplate\":\"https:\/\/laltragarrotxa.com\/es\/?s={search_term_string}\"},\"query-input\":{\"@type\":\"PropertyValueSpecification\",\"valueRequired\":true,\"valueName\":\"search_term_string\"}}],\"inLanguage\":\"es\"},{\"@type\":\"Organization\",\"@id\":\"https:\/\/laltragarrotxa.com\/es\/#organization\",\"name\":\"L'Altra Garrotxa\",\"url\":\"https:\/\/laltragarrotxa.com\/es\/\",\"logo\":{\"@type\":\"ImageObject\",\"inLanguage\":\"es\",\"@id\":\"https:\/\/laltragarrotxa.com\/es\/#\/schema\/logo\/image\/\",\"url\":\"https:\/\/laltragarrotxa.com\/wp-content\/uploads\/2024\/07\/LALTrA-GARROTXA2-1.png\",\"contentUrl\":\"https:\/\/laltragarrotxa.com\/wp-content\/uploads\/2024\/07\/LALTrA-GARROTXA2-1.png\",\"width\":1699,\"height\":283,\"caption\":\"L'Altra Garrotxa\"},\"image\":{\"@id\":\"https:\/\/laltragarrotxa.com\/es\/#\/schema\/logo\/image\/\"}}]}<\/script>\n<!-- \/ Yoast SEO plugin. -->","yoast_head_json":{"title":"Rapinyaires, observaci\u00f3 i fotografia - L&#039;Altra Garrotxa","robots":{"index":"index","follow":"follow","max-snippet":"max-snippet:-1","max-image-preview":"max-image-preview:large","max-video-preview":"max-video-preview:-1"},"canonical":"https:\/\/laltragarrotxa.com\/es\/producte\/ocells-rapinyaires\/","og_locale":"es_ES","og_type":"article","og_title":"Rapinyaires, observaci\u00f3 i fotografia - L&#039;Altra Garrotxa","og_description":"Experi\u00e8ncia amb preu tancat de 300\u20ac per grup de 1 a 3 participants. El transport fins al lloc d\u2019inici i tornada de l\u2019activitat \u00e9s gratu\u00eft pels nostres clients. La durada de la proposta pot variar en funci\u00f3 de les aus rapinyaires, essent 4-5 hores el temps habitual. Aquesta proposta es realitza sota demanda i es [&hellip;]","og_url":"https:\/\/laltragarrotxa.com\/es\/producte\/ocells-rapinyaires\/","og_site_name":"L&#039;Altra Garrotxa","article_modified_time":"2024-08-22T16:11:30+00:00","og_image":[{"width":1500,"height":1000,"url":"https:\/\/laltragarrotxa.com\/wp-content\/uploads\/2024\/08\/DSF7912web.jpg","type":"image\/jpeg"}],"twitter_card":"summary_large_image","twitter_misc":{"Tiempo de lectura":"1 minuto"},"schema":{"@context":"https:\/\/schema.org","@graph":[{"@type":"WebPage","@id":"https:\/\/laltragarrotxa.com\/es\/producte\/ocells-rapinyaires\/","url":"https:\/\/laltragarrotxa.com\/es\/producte\/ocells-rapinyaires\/","name":"Rapinyaires, observaci\u00f3 i fotografia - L&#039;Altra Garrotxa","isPartOf":{"@id":"https:\/\/laltragarrotxa.com\/es\/#website"},"primaryImageOfPage":{"@id":"https:\/\/laltragarrotxa.com\/es\/producte\/ocells-rapinyaires\/#primaryimage"},"image":{"@id":"https:\/\/laltragarrotxa.com\/es\/producte\/ocells-rapinyaires\/#primaryimage"},"thumbnailUrl":"https:\/\/laltragarrotxa.com\/wp-content\/uploads\/2024\/08\/DSF7912web.jpg","datePublished":"2024-07-29T16:23:20+00:00","dateModified":"2024-08-22T16:11:30+00:00","breadcrumb":{"@id":"https:\/\/laltragarrotxa.com\/es\/producte\/ocells-rapinyaires\/#breadcrumb"},"inLanguage":"es","potentialAction":[{"@type":"ReadAction","target":["https:\/\/laltragarrotxa.com\/es\/producte\/ocells-rapinyaires\/"]}]},{"@type":"ImageObject","inLanguage":"es","@id":"https:\/\/laltragarrotxa.com\/es\/producte\/ocells-rapinyaires\/#primaryimage","url":"https:\/\/laltragarrotxa.com\/wp-content\/uploads\/2024\/08\/DSF7912web.jpg","contentUrl":"https:\/\/laltragarrotxa.com\/wp-content\/uploads\/2024\/08\/DSF7912web.jpg","width":1500,"height":1000},{"@type":"BreadcrumbList","@id":"https:\/\/laltragarrotxa.com\/es\/producte\/ocells-rapinyaires\/#breadcrumb","itemListElement":[{"@type":"ListItem","position":1,"name":"Inici","item":"https:\/\/laltragarrotxa.com\/es\/"},{"@type":"ListItem","position":2,"name":"Tienda","item":"https:\/\/laltragarrotxa.com\/es\/tienda\/"},{"@type":"ListItem","position":3,"name":"Rapinyaires, observaci\u00f3 i fotografia"}]},{"@type":"WebSite","@id":"https:\/\/laltragarrotxa.com\/es\/#website","url":"https:\/\/laltragarrotxa.com\/es\/","name":"L'Altra Garrotxa","description":"Tallers i activitats exclusives a l&#039;Alta Garrotxa","publisher":{"@id":"https:\/\/laltragarrotxa.com\/es\/#organization"},"potentialAction":[{"@type":"SearchAction","target":{"@type":"EntryPoint","urlTemplate":"https:\/\/laltragarrotxa.com\/es\/?s={search_term_string}"},"query-input":{"@type":"PropertyValueSpecification","valueRequired":true,"valueName":"search_term_string"}}],"inLanguage":"es"},{"@type":"Organization","@id":"https:\/\/laltragarrotxa.com\/es\/#organization","name":"L'Altra Garrotxa","url":"https:\/\/laltragarrotxa.com\/es\/","logo":{"@type":"ImageObject","inLanguage":"es","@id":"https:\/\/laltragarrotxa.com\/es\/#\/schema\/logo\/image\/","url":"https:\/\/laltragarrotxa.com\/wp-content\/uploads\/2024\/07\/LALTrA-GARROTXA2-1.png","contentUrl":"https:\/\/laltragarrotxa.com\/wp-content\/uploads\/2024\/07\/LALTrA-GARROTXA2-1.png","width":1699,"height":283,"caption":"L'Altra Garrotxa"},"image":{"@id":"https:\/\/laltragarrotxa.com\/es\/#\/schema\/logo\/image\/"}}]}},"_links":{"self":[{"href":"https:\/\/laltragarrotxa.com\/es\/wp-json\/wp\/v2\/product\/79","targetHints":{"allow":["GET"]}}],"collection":[{"href":"https:\/\/laltragarrotxa.com\/es\/wp-json\/wp\/v2\/product"}],"about":[{"href":"https:\/\/laltragarrotxa.com\/es\/wp-json\/wp\/v2\/types\/product"}],"wp:featuredmedia":[{"embeddable":true,"href":"https:\/\/laltragarrotxa.com\/es\/wp-json\/wp\/v2\/media\/200"}],"wp:attachment":[{"href":"https:\/\/laltragarrotxa.com\/es\/wp-json\/wp\/v2\/media?parent=79"}],"wp:term":[{"taxonomy":"product_cat","embeddable":true,"href":"https:\/\/laltragarrotxa.com\/es\/wp-json\/wp\/v2\/product_cat?post=79"},{"taxonomy":"product_tag","embeddable":true,"href":"https:\/\/laltragarrotxa.com\/es\/wp-json\/wp\/v2\/product_tag?post=79"}],"curies":[{"name":"wp","href":"https:\/\/api.w.org\/{rel}","templated":true}]}}