{"id":81,"date":"2024-07-29T18:24:44","date_gmt":"2024-07-29T16:24:44","guid":{"rendered":"https:\/\/laltragarrotxa.btiquets.com\/?post_type=product&#038;p=81"},"modified":"2024-08-23T16:01:20","modified_gmt":"2024-08-23T14:01:20","slug":"la-ronca-de-la-daina","status":"publish","type":"product","link":"https:\/\/laltragarrotxa.com\/es\/producte\/la-ronca-de-la-daina\/","title":{"rendered":"Ronca de la daina, observaci\u00f3 i fotografia. Setembre i Octubre"},"content":{"rendered":"<p>Aquesta activitat est\u00e0 disponible del 20 de setembre fins al 30 d&#8217;octubre.<\/p>\n<p>Preu tancat de 320\u20ac per grup de 1 a 6 persones, necessari reservar amb 24 hores d\u2019antelaci\u00f3.<\/p>\n<p>Experi\u00e8ncia de 5 hores de durada aproximadament.<\/p>\n<p>El transport fins al lloc d\u2019inici i tornada de l\u2019activitat \u00e9s gratu\u00eft pels nostres clients.<\/p>\n<p>Intentarem sortir el m\u00e9s aviat possible, a l&#8217;alba, per observar el moment de m\u00e0xima activitat dels animals. Farem un recorregut a peu i en silenci per diferents prats i llocs per contemplar els grups de daines i mascles dominants interactuar. Sempre a una dist\u00e0ncia apropiada per no molestar-los en cap moment en aquest periode tan crucial per l&#8217;esp\u00e8cie. Aprendrem breument sobre la seva biologia, comportament i l&#8217;impacte en l&#8217;ecosistema.<\/p>\n<p>Durant la visita hi haur\u00e0 moltes oportunitats per fotografiar daines. En aquest sentit, us ajudar\u00e9 en tot moment.<\/p>\n<p><strong>Possibilitat d\u2019organitzar dinar en mas particular o enmig de la natura (contactar per organitzar 48h abans, preu no incl\u00f3s)<\/strong><\/p>\n<p>Si necessiteu m\u00e9s informaci\u00f3 o voleu reservar per aquesta pr\u00f2xima temporada contacteu amb nosaltres.<\/p>\n","protected":false},"excerpt":{"rendered":"<p>Aquesta activitat est\u00e0 disponible del 20 de setembre fins al 30 d&#8217;octubre. Preu tancat de 320\u20ac per grup de 1 a 6 persones, necessari reservar amb 24 hores d\u2019antelaci\u00f3. Experi\u00e8ncia de 5 hores de durada aproximadament. El transport fins al lloc d\u2019inici i tornada de l\u2019activitat \u00e9s gratu\u00eft pels nostres clients. Intentarem sortir el m\u00e9s [&hellip;]<\/p>\n","protected":false},"featured_media":188,"template":"","meta":[],"product_cat":[19],"product_tag":[],"class_list":{"0":"post-81","1":"product","2":"type-product","3":"status-publish","4":"has-post-thumbnail","6":"product_cat-de-temporada","8":"first","9":"instock","10":"taxable","11":"shipping-taxable","12":"purchasable","13":"product-type-simple"},"yoast_head":"<!-- This site is optimized with the Yoast SEO plugin v25.7 - https:\/\/yoast.com\/wordpress\/plugins\/seo\/ -->\n<title>Ronca de la daina, observaci\u00f3 i fotografia. Setembre i Octubre - L&#039;Altra Garrotxa<\/title>\n<meta name=\"robots\" content=\"index, follow, max-snippet:-1, max-image-preview:large, max-video-preview:-1\" \/>\n<link rel=\"canonical\" href=\"https:\/\/laltragarrotxa.com\/es\/producte\/la-ronca-de-la-daina\/\" \/>\n<meta property=\"og:locale\" content=\"es_ES\" \/>\n<meta property=\"og:type\" content=\"article\" \/>\n<meta property=\"og:title\" content=\"Ronca de la daina, observaci\u00f3 i fotografia. Setembre i Octubre - L&#039;Altra Garrotxa\" \/>\n<meta property=\"og:description\" content=\"Aquesta activitat est\u00e0 disponible del 20 de setembre fins al 30 d&#8217;octubre. Preu tancat de 320\u20ac per grup de 1 a 6 persones, necessari reservar amb 24 hores d\u2019antelaci\u00f3. Experi\u00e8ncia de 5 hores de durada aproximadament. El transport fins al lloc d\u2019inici i tornada de l\u2019activitat \u00e9s gratu\u00eft pels nostres clients. Intentarem sortir el m\u00e9s [&hellip;]\" \/>\n<meta property=\"og:url\" content=\"https:\/\/laltragarrotxa.com\/es\/producte\/la-ronca-de-la-daina\/\" \/>\n<meta property=\"og:site_name\" content=\"L&#039;Altra Garrotxa\" \/>\n<meta property=\"article:modified_time\" content=\"2024-08-23T14:01:20+00:00\" \/>\n<meta property=\"og:image\" content=\"https:\/\/laltragarrotxa.com\/wp-content\/uploads\/2024\/08\/DSF3347web.jpg\" \/>\n\t<meta property=\"og:image:width\" content=\"1500\" \/>\n\t<meta property=\"og:image:height\" content=\"1000\" \/>\n\t<meta property=\"og:image:type\" content=\"image\/jpeg\" \/>\n<meta name=\"twitter:card\" content=\"summary_large_image\" \/>\n<meta name=\"twitter:label1\" content=\"Tiempo de lectura\" \/>\n\t<meta name=\"twitter:data1\" content=\"1 minuto\" \/>\n<script type=\"application\/ld+json\" class=\"yoast-schema-graph\">{\"@context\":\"https:\/\/schema.org\",\"@graph\":[{\"@type\":\"WebPage\",\"@id\":\"https:\/\/laltragarrotxa.com\/es\/producte\/la-ronca-de-la-daina\/\",\"url\":\"https:\/\/laltragarrotxa.com\/es\/producte\/la-ronca-de-la-daina\/\",\"name\":\"Ronca de la daina, observaci\u00f3 i fotografia. Setembre i Octubre - L&#039;Altra Garrotxa\",\"isPartOf\":{\"@id\":\"https:\/\/laltragarrotxa.com\/es\/#website\"},\"primaryImageOfPage\":{\"@id\":\"https:\/\/laltragarrotxa.com\/es\/producte\/la-ronca-de-la-daina\/#primaryimage\"},\"image\":{\"@id\":\"https:\/\/laltragarrotxa.com\/es\/producte\/la-ronca-de-la-daina\/#primaryimage\"},\"thumbnailUrl\":\"https:\/\/laltragarrotxa.com\/wp-content\/uploads\/2024\/08\/DSF3347web.jpg\",\"datePublished\":\"2024-07-29T16:24:44+00:00\",\"dateModified\":\"2024-08-23T14:01:20+00:00\",\"breadcrumb\":{\"@id\":\"https:\/\/laltragarrotxa.com\/es\/producte\/la-ronca-de-la-daina\/#breadcrumb\"},\"inLanguage\":\"es\",\"potentialAction\":[{\"@type\":\"ReadAction\",\"target\":[\"https:\/\/laltragarrotxa.com\/es\/producte\/la-ronca-de-la-daina\/\"]}]},{\"@type\":\"ImageObject\",\"inLanguage\":\"es\",\"@id\":\"https:\/\/laltragarrotxa.com\/es\/producte\/la-ronca-de-la-daina\/#primaryimage\",\"url\":\"https:\/\/laltragarrotxa.com\/wp-content\/uploads\/2024\/08\/DSF3347web.jpg\",\"contentUrl\":\"https:\/\/laltragarrotxa.com\/wp-content\/uploads\/2024\/08\/DSF3347web.jpg\",\"width\":1500,\"height\":1000},{\"@type\":\"BreadcrumbList\",\"@id\":\"https:\/\/laltragarrotxa.com\/es\/producte\/la-ronca-de-la-daina\/#breadcrumb\",\"itemListElement\":[{\"@type\":\"ListItem\",\"position\":1,\"name\":\"Inici\",\"item\":\"https:\/\/laltragarrotxa.com\/es\/\"},{\"@type\":\"ListItem\",\"position\":2,\"name\":\"Tienda\",\"item\":\"https:\/\/laltragarrotxa.com\/es\/tienda\/\"},{\"@type\":\"ListItem\",\"position\":3,\"name\":\"Ronca de la daina, observaci\u00f3 i fotografia. Setembre i Octubre\"}]},{\"@type\":\"WebSite\",\"@id\":\"https:\/\/laltragarrotxa.com\/es\/#website\",\"url\":\"https:\/\/laltragarrotxa.com\/es\/\",\"name\":\"L'Altra Garrotxa\",\"description\":\"Tallers i activitats exclusives a l&#039;Alta Garrotxa\",\"publisher\":{\"@id\":\"https:\/\/laltragarrotxa.com\/es\/#organization\"},\"potentialAction\":[{\"@type\":\"SearchAction\",\"target\":{\"@type\":\"EntryPoint\",\"urlTemplate\":\"https:\/\/laltragarrotxa.com\/es\/?s={search_term_string}\"},\"query-input\":{\"@type\":\"PropertyValueSpecification\",\"valueRequired\":true,\"valueName\":\"search_term_string\"}}],\"inLanguage\":\"es\"},{\"@type\":\"Organization\",\"@id\":\"https:\/\/laltragarrotxa.com\/es\/#organization\",\"name\":\"L'Altra Garrotxa\",\"url\":\"https:\/\/laltragarrotxa.com\/es\/\",\"logo\":{\"@type\":\"ImageObject\",\"inLanguage\":\"es\",\"@id\":\"https:\/\/laltragarrotxa.com\/es\/#\/schema\/logo\/image\/\",\"url\":\"https:\/\/laltragarrotxa.com\/wp-content\/uploads\/2024\/07\/LALTrA-GARROTXA2-1.png\",\"contentUrl\":\"https:\/\/laltragarrotxa.com\/wp-content\/uploads\/2024\/07\/LALTrA-GARROTXA2-1.png\",\"width\":1699,\"height\":283,\"caption\":\"L'Altra Garrotxa\"},\"image\":{\"@id\":\"https:\/\/laltragarrotxa.com\/es\/#\/schema\/logo\/image\/\"}}]}<\/script>\n<!-- \/ Yoast SEO plugin. -->","yoast_head_json":{"title":"Ronca de la daina, observaci\u00f3 i fotografia. Setembre i Octubre - L&#039;Altra Garrotxa","robots":{"index":"index","follow":"follow","max-snippet":"max-snippet:-1","max-image-preview":"max-image-preview:large","max-video-preview":"max-video-preview:-1"},"canonical":"https:\/\/laltragarrotxa.com\/es\/producte\/la-ronca-de-la-daina\/","og_locale":"es_ES","og_type":"article","og_title":"Ronca de la daina, observaci\u00f3 i fotografia. Setembre i Octubre - L&#039;Altra Garrotxa","og_description":"Aquesta activitat est\u00e0 disponible del 20 de setembre fins al 30 d&#8217;octubre. Preu tancat de 320\u20ac per grup de 1 a 6 persones, necessari reservar amb 24 hores d\u2019antelaci\u00f3. Experi\u00e8ncia de 5 hores de durada aproximadament. El transport fins al lloc d\u2019inici i tornada de l\u2019activitat \u00e9s gratu\u00eft pels nostres clients. Intentarem sortir el m\u00e9s [&hellip;]","og_url":"https:\/\/laltragarrotxa.com\/es\/producte\/la-ronca-de-la-daina\/","og_site_name":"L&#039;Altra Garrotxa","article_modified_time":"2024-08-23T14:01:20+00:00","og_image":[{"width":1500,"height":1000,"url":"https:\/\/laltragarrotxa.com\/wp-content\/uploads\/2024\/08\/DSF3347web.jpg","type":"image\/jpeg"}],"twitter_card":"summary_large_image","twitter_misc":{"Tiempo de lectura":"1 minuto"},"schema":{"@context":"https:\/\/schema.org","@graph":[{"@type":"WebPage","@id":"https:\/\/laltragarrotxa.com\/es\/producte\/la-ronca-de-la-daina\/","url":"https:\/\/laltragarrotxa.com\/es\/producte\/la-ronca-de-la-daina\/","name":"Ronca de la daina, observaci\u00f3 i fotografia. Setembre i Octubre - L&#039;Altra Garrotxa","isPartOf":{"@id":"https:\/\/laltragarrotxa.com\/es\/#website"},"primaryImageOfPage":{"@id":"https:\/\/laltragarrotxa.com\/es\/producte\/la-ronca-de-la-daina\/#primaryimage"},"image":{"@id":"https:\/\/laltragarrotxa.com\/es\/producte\/la-ronca-de-la-daina\/#primaryimage"},"thumbnailUrl":"https:\/\/laltragarrotxa.com\/wp-content\/uploads\/2024\/08\/DSF3347web.jpg","datePublished":"2024-07-29T16:24:44+00:00","dateModified":"2024-08-23T14:01:20+00:00","breadcrumb":{"@id":"https:\/\/laltragarrotxa.com\/es\/producte\/la-ronca-de-la-daina\/#breadcrumb"},"inLanguage":"es","potentialAction":[{"@type":"ReadAction","target":["https:\/\/laltragarrotxa.com\/es\/producte\/la-ronca-de-la-daina\/"]}]},{"@type":"ImageObject","inLanguage":"es","@id":"https:\/\/laltragarrotxa.com\/es\/producte\/la-ronca-de-la-daina\/#primaryimage","url":"https:\/\/laltragarrotxa.com\/wp-content\/uploads\/2024\/08\/DSF3347web.jpg","contentUrl":"https:\/\/laltragarrotxa.com\/wp-content\/uploads\/2024\/08\/DSF3347web.jpg","width":1500,"height":1000},{"@type":"BreadcrumbList","@id":"https:\/\/laltragarrotxa.com\/es\/producte\/la-ronca-de-la-daina\/#breadcrumb","itemListElement":[{"@type":"ListItem","position":1,"name":"Inici","item":"https:\/\/laltragarrotxa.com\/es\/"},{"@type":"ListItem","position":2,"name":"Tienda","item":"https:\/\/laltragarrotxa.com\/es\/tienda\/"},{"@type":"ListItem","position":3,"name":"Ronca de la daina, observaci\u00f3 i fotografia. Setembre i Octubre"}]},{"@type":"WebSite","@id":"https:\/\/laltragarrotxa.com\/es\/#website","url":"https:\/\/laltragarrotxa.com\/es\/","name":"L'Altra Garrotxa","description":"Tallers i activitats exclusives a l&#039;Alta Garrotxa","publisher":{"@id":"https:\/\/laltragarrotxa.com\/es\/#organization"},"potentialAction":[{"@type":"SearchAction","target":{"@type":"EntryPoint","urlTemplate":"https:\/\/laltragarrotxa.com\/es\/?s={search_term_string}"},"query-input":{"@type":"PropertyValueSpecification","valueRequired":true,"valueName":"search_term_string"}}],"inLanguage":"es"},{"@type":"Organization","@id":"https:\/\/laltragarrotxa.com\/es\/#organization","name":"L'Altra Garrotxa","url":"https:\/\/laltragarrotxa.com\/es\/","logo":{"@type":"ImageObject","inLanguage":"es","@id":"https:\/\/laltragarrotxa.com\/es\/#\/schema\/logo\/image\/","url":"https:\/\/laltragarrotxa.com\/wp-content\/uploads\/2024\/07\/LALTrA-GARROTXA2-1.png","contentUrl":"https:\/\/laltragarrotxa.com\/wp-content\/uploads\/2024\/07\/LALTrA-GARROTXA2-1.png","width":1699,"height":283,"caption":"L'Altra Garrotxa"},"image":{"@id":"https:\/\/laltragarrotxa.com\/es\/#\/schema\/logo\/image\/"}}]}},"_links":{"self":[{"href":"https:\/\/laltragarrotxa.com\/es\/wp-json\/wp\/v2\/product\/81","targetHints":{"allow":["GET"]}}],"collection":[{"href":"https:\/\/laltragarrotxa.com\/es\/wp-json\/wp\/v2\/product"}],"about":[{"href":"https:\/\/laltragarrotxa.com\/es\/wp-json\/wp\/v2\/types\/product"}],"wp:featuredmedia":[{"embeddable":true,"href":"https:\/\/laltragarrotxa.com\/es\/wp-json\/wp\/v2\/media\/188"}],"wp:attachment":[{"href":"https:\/\/laltragarrotxa.com\/es\/wp-json\/wp\/v2\/media?parent=81"}],"wp:term":[{"taxonomy":"product_cat","embeddable":true,"href":"https:\/\/laltragarrotxa.com\/es\/wp-json\/wp\/v2\/product_cat?post=81"},{"taxonomy":"product_tag","embeddable":true,"href":"https:\/\/laltragarrotxa.com\/es\/wp-json\/wp\/v2\/product_tag?post=81"}],"curies":[{"name":"wp","href":"https:\/\/api.w.org\/{rel}","templated":true}]}}