{"id":91,"date":"2024-07-29T18:42:25","date_gmt":"2024-07-29T16:42:25","guid":{"rendered":"https:\/\/laltragarrotxa.btiquets.com\/?post_type=product&#038;p=91"},"modified":"2025-06-04T14:18:52","modified_gmt":"2025-06-04T12:18:52","slug":"senderisme-dia-complet","status":"publish","type":"product","link":"https:\/\/laltragarrotxa.com\/es\/producte\/senderisme-dia-complet\/","title":{"rendered":"Senderisme, dia complet"},"content":{"rendered":"<p>Preu tancat de 300\u20ac per grup de 1 a 6 persones,\u00a0 necessari reservar amb 24 hores d&#8217;antelaci\u00f3.<\/p>\n<p>Excursi\u00f3 de 8-9 hores aproximadament.<\/p>\n<p>El transport fins al lloc d&#8217;inici i tornada de l&#8217;activitat \u00e9s gratu\u00eft pels nostres clients.<\/p>\n<p>Ens ajustem a la condici\u00f3 f\u00edsica dels participants.<\/p>\n<p>Durant la sortida es realitzen diferents aturades en punts d&#8217;inter\u00e9s: coves, ermites, miradors, masos amics, boscos, arbres centenaris&#8230;<\/p>\n<p>Si t&#8217;agrada la fotografia, durant la sortida t&#8217;ajudar\u00e9 a millorar les teves imatges, tan si utilitzes el m\u00f2bil com c\u00e0mera digital.<\/p>\n<p>Disposem de moltes sortides diferents adaptades a les diferents estacions de l&#8217;any i a l&#8217;inter\u00e9s del visitant.<\/p>\n<p><strong>Possibilitat d&#8217;organitzar dinar en mas particular o enmig de la natura (contactar per organitzar 48h abans, preu no incl\u00f3s)<\/strong><\/p>\n","protected":false},"excerpt":{"rendered":"<p>Preu tancat de 300\u20ac per grup de 1 a 6 persones,\u00a0 necessari reservar amb 24 hores d&#8217;antelaci\u00f3. Excursi\u00f3 de 8-9 hores aproximadament. El transport fins al lloc d&#8217;inici i tornada de l&#8217;activitat \u00e9s gratu\u00eft pels nostres clients. Ens ajustem a la condici\u00f3 f\u00edsica dels participants. Durant la sortida es realitzen diferents aturades en punts d&#8217;inter\u00e9s: [&hellip;]<\/p>\n","protected":false},"featured_media":801,"template":"","meta":[],"product_cat":[15],"product_tag":[],"class_list":{"0":"post-91","1":"product","2":"type-product","3":"status-publish","4":"has-post-thumbnail","6":"product_cat-sempre-tot-lany","8":"first","9":"instock","10":"sold-individually","11":"taxable","12":"shipping-taxable","13":"purchasable","14":"product-type-simple"},"yoast_head":"<!-- This site is optimized with the Yoast SEO plugin v25.7 - https:\/\/yoast.com\/wordpress\/plugins\/seo\/ -->\n<title>Senderisme, dia complet - L&#039;Altra Garrotxa<\/title>\n<meta name=\"robots\" content=\"index, follow, max-snippet:-1, max-image-preview:large, max-video-preview:-1\" \/>\n<link rel=\"canonical\" href=\"https:\/\/laltragarrotxa.com\/es\/producte\/senderisme-dia-complet\/\" \/>\n<meta property=\"og:locale\" content=\"es_ES\" \/>\n<meta property=\"og:type\" content=\"article\" \/>\n<meta property=\"og:title\" content=\"Senderisme, dia complet - L&#039;Altra Garrotxa\" \/>\n<meta property=\"og:description\" content=\"Preu tancat de 300\u20ac per grup de 1 a 6 persones,\u00a0 necessari reservar amb 24 hores d&#8217;antelaci\u00f3. Excursi\u00f3 de 8-9 hores aproximadament. El transport fins al lloc d&#8217;inici i tornada de l&#8217;activitat \u00e9s gratu\u00eft pels nostres clients. Ens ajustem a la condici\u00f3 f\u00edsica dels participants. Durant la sortida es realitzen diferents aturades en punts d&#8217;inter\u00e9s: [&hellip;]\" \/>\n<meta property=\"og:url\" content=\"https:\/\/laltragarrotxa.com\/es\/producte\/senderisme-dia-complet\/\" \/>\n<meta property=\"og:site_name\" content=\"L&#039;Altra Garrotxa\" \/>\n<meta property=\"article:modified_time\" content=\"2025-06-04T12:18:52+00:00\" \/>\n<meta property=\"og:image\" content=\"https:\/\/laltragarrotxa.com\/wp-content\/uploads\/2025\/05\/DSF4969-scaled.jpg\" \/>\n\t<meta property=\"og:image:width\" content=\"2560\" \/>\n\t<meta property=\"og:image:height\" content=\"1707\" \/>\n\t<meta property=\"og:image:type\" content=\"image\/jpeg\" \/>\n<meta name=\"twitter:card\" content=\"summary_large_image\" \/>\n<meta name=\"twitter:label1\" content=\"Tiempo de lectura\" \/>\n\t<meta name=\"twitter:data1\" content=\"1 minuto\" \/>\n<script type=\"application\/ld+json\" class=\"yoast-schema-graph\">{\"@context\":\"https:\/\/schema.org\",\"@graph\":[{\"@type\":\"WebPage\",\"@id\":\"https:\/\/laltragarrotxa.com\/es\/producte\/senderisme-dia-complet\/\",\"url\":\"https:\/\/laltragarrotxa.com\/es\/producte\/senderisme-dia-complet\/\",\"name\":\"Senderisme, dia complet - L&#039;Altra Garrotxa\",\"isPartOf\":{\"@id\":\"https:\/\/laltragarrotxa.com\/es\/#website\"},\"primaryImageOfPage\":{\"@id\":\"https:\/\/laltragarrotxa.com\/es\/producte\/senderisme-dia-complet\/#primaryimage\"},\"image\":{\"@id\":\"https:\/\/laltragarrotxa.com\/es\/producte\/senderisme-dia-complet\/#primaryimage\"},\"thumbnailUrl\":\"https:\/\/laltragarrotxa.com\/wp-content\/uploads\/2025\/05\/DSF4969-scaled.jpg\",\"datePublished\":\"2024-07-29T16:42:25+00:00\",\"dateModified\":\"2025-06-04T12:18:52+00:00\",\"breadcrumb\":{\"@id\":\"https:\/\/laltragarrotxa.com\/es\/producte\/senderisme-dia-complet\/#breadcrumb\"},\"inLanguage\":\"es\",\"potentialAction\":[{\"@type\":\"ReadAction\",\"target\":[\"https:\/\/laltragarrotxa.com\/es\/producte\/senderisme-dia-complet\/\"]}]},{\"@type\":\"ImageObject\",\"inLanguage\":\"es\",\"@id\":\"https:\/\/laltragarrotxa.com\/es\/producte\/senderisme-dia-complet\/#primaryimage\",\"url\":\"https:\/\/laltragarrotxa.com\/wp-content\/uploads\/2025\/05\/DSF4969-scaled.jpg\",\"contentUrl\":\"https:\/\/laltragarrotxa.com\/wp-content\/uploads\/2025\/05\/DSF4969-scaled.jpg\",\"width\":2560,\"height\":1707},{\"@type\":\"BreadcrumbList\",\"@id\":\"https:\/\/laltragarrotxa.com\/es\/producte\/senderisme-dia-complet\/#breadcrumb\",\"itemListElement\":[{\"@type\":\"ListItem\",\"position\":1,\"name\":\"Inici\",\"item\":\"https:\/\/laltragarrotxa.com\/es\/\"},{\"@type\":\"ListItem\",\"position\":2,\"name\":\"Tienda\",\"item\":\"https:\/\/laltragarrotxa.com\/es\/tienda\/\"},{\"@type\":\"ListItem\",\"position\":3,\"name\":\"Senderisme, dia complet\"}]},{\"@type\":\"WebSite\",\"@id\":\"https:\/\/laltragarrotxa.com\/es\/#website\",\"url\":\"https:\/\/laltragarrotxa.com\/es\/\",\"name\":\"L'Altra Garrotxa\",\"description\":\"Tallers i activitats exclusives a l&#039;Alta Garrotxa\",\"publisher\":{\"@id\":\"https:\/\/laltragarrotxa.com\/es\/#organization\"},\"potentialAction\":[{\"@type\":\"SearchAction\",\"target\":{\"@type\":\"EntryPoint\",\"urlTemplate\":\"https:\/\/laltragarrotxa.com\/es\/?s={search_term_string}\"},\"query-input\":{\"@type\":\"PropertyValueSpecification\",\"valueRequired\":true,\"valueName\":\"search_term_string\"}}],\"inLanguage\":\"es\"},{\"@type\":\"Organization\",\"@id\":\"https:\/\/laltragarrotxa.com\/es\/#organization\",\"name\":\"L'Altra Garrotxa\",\"url\":\"https:\/\/laltragarrotxa.com\/es\/\",\"logo\":{\"@type\":\"ImageObject\",\"inLanguage\":\"es\",\"@id\":\"https:\/\/laltragarrotxa.com\/es\/#\/schema\/logo\/image\/\",\"url\":\"https:\/\/laltragarrotxa.com\/wp-content\/uploads\/2024\/07\/LALTrA-GARROTXA2-1.png\",\"contentUrl\":\"https:\/\/laltragarrotxa.com\/wp-content\/uploads\/2024\/07\/LALTrA-GARROTXA2-1.png\",\"width\":1699,\"height\":283,\"caption\":\"L'Altra Garrotxa\"},\"image\":{\"@id\":\"https:\/\/laltragarrotxa.com\/es\/#\/schema\/logo\/image\/\"}}]}<\/script>\n<!-- \/ Yoast SEO plugin. -->","yoast_head_json":{"title":"Senderisme, dia complet - L&#039;Altra Garrotxa","robots":{"index":"index","follow":"follow","max-snippet":"max-snippet:-1","max-image-preview":"max-image-preview:large","max-video-preview":"max-video-preview:-1"},"canonical":"https:\/\/laltragarrotxa.com\/es\/producte\/senderisme-dia-complet\/","og_locale":"es_ES","og_type":"article","og_title":"Senderisme, dia complet - L&#039;Altra Garrotxa","og_description":"Preu tancat de 300\u20ac per grup de 1 a 6 persones,\u00a0 necessari reservar amb 24 hores d&#8217;antelaci\u00f3. Excursi\u00f3 de 8-9 hores aproximadament. El transport fins al lloc d&#8217;inici i tornada de l&#8217;activitat \u00e9s gratu\u00eft pels nostres clients. Ens ajustem a la condici\u00f3 f\u00edsica dels participants. Durant la sortida es realitzen diferents aturades en punts d&#8217;inter\u00e9s: [&hellip;]","og_url":"https:\/\/laltragarrotxa.com\/es\/producte\/senderisme-dia-complet\/","og_site_name":"L&#039;Altra Garrotxa","article_modified_time":"2025-06-04T12:18:52+00:00","og_image":[{"width":2560,"height":1707,"url":"https:\/\/laltragarrotxa.com\/wp-content\/uploads\/2025\/05\/DSF4969-scaled.jpg","type":"image\/jpeg"}],"twitter_card":"summary_large_image","twitter_misc":{"Tiempo de lectura":"1 minuto"},"schema":{"@context":"https:\/\/schema.org","@graph":[{"@type":"WebPage","@id":"https:\/\/laltragarrotxa.com\/es\/producte\/senderisme-dia-complet\/","url":"https:\/\/laltragarrotxa.com\/es\/producte\/senderisme-dia-complet\/","name":"Senderisme, dia complet - L&#039;Altra Garrotxa","isPartOf":{"@id":"https:\/\/laltragarrotxa.com\/es\/#website"},"primaryImageOfPage":{"@id":"https:\/\/laltragarrotxa.com\/es\/producte\/senderisme-dia-complet\/#primaryimage"},"image":{"@id":"https:\/\/laltragarrotxa.com\/es\/producte\/senderisme-dia-complet\/#primaryimage"},"thumbnailUrl":"https:\/\/laltragarrotxa.com\/wp-content\/uploads\/2025\/05\/DSF4969-scaled.jpg","datePublished":"2024-07-29T16:42:25+00:00","dateModified":"2025-06-04T12:18:52+00:00","breadcrumb":{"@id":"https:\/\/laltragarrotxa.com\/es\/producte\/senderisme-dia-complet\/#breadcrumb"},"inLanguage":"es","potentialAction":[{"@type":"ReadAction","target":["https:\/\/laltragarrotxa.com\/es\/producte\/senderisme-dia-complet\/"]}]},{"@type":"ImageObject","inLanguage":"es","@id":"https:\/\/laltragarrotxa.com\/es\/producte\/senderisme-dia-complet\/#primaryimage","url":"https:\/\/laltragarrotxa.com\/wp-content\/uploads\/2025\/05\/DSF4969-scaled.jpg","contentUrl":"https:\/\/laltragarrotxa.com\/wp-content\/uploads\/2025\/05\/DSF4969-scaled.jpg","width":2560,"height":1707},{"@type":"BreadcrumbList","@id":"https:\/\/laltragarrotxa.com\/es\/producte\/senderisme-dia-complet\/#breadcrumb","itemListElement":[{"@type":"ListItem","position":1,"name":"Inici","item":"https:\/\/laltragarrotxa.com\/es\/"},{"@type":"ListItem","position":2,"name":"Tienda","item":"https:\/\/laltragarrotxa.com\/es\/tienda\/"},{"@type":"ListItem","position":3,"name":"Senderisme, dia complet"}]},{"@type":"WebSite","@id":"https:\/\/laltragarrotxa.com\/es\/#website","url":"https:\/\/laltragarrotxa.com\/es\/","name":"L'Altra Garrotxa","description":"Tallers i activitats exclusives a l&#039;Alta Garrotxa","publisher":{"@id":"https:\/\/laltragarrotxa.com\/es\/#organization"},"potentialAction":[{"@type":"SearchAction","target":{"@type":"EntryPoint","urlTemplate":"https:\/\/laltragarrotxa.com\/es\/?s={search_term_string}"},"query-input":{"@type":"PropertyValueSpecification","valueRequired":true,"valueName":"search_term_string"}}],"inLanguage":"es"},{"@type":"Organization","@id":"https:\/\/laltragarrotxa.com\/es\/#organization","name":"L'Altra Garrotxa","url":"https:\/\/laltragarrotxa.com\/es\/","logo":{"@type":"ImageObject","inLanguage":"es","@id":"https:\/\/laltragarrotxa.com\/es\/#\/schema\/logo\/image\/","url":"https:\/\/laltragarrotxa.com\/wp-content\/uploads\/2024\/07\/LALTrA-GARROTXA2-1.png","contentUrl":"https:\/\/laltragarrotxa.com\/wp-content\/uploads\/2024\/07\/LALTrA-GARROTXA2-1.png","width":1699,"height":283,"caption":"L'Altra Garrotxa"},"image":{"@id":"https:\/\/laltragarrotxa.com\/es\/#\/schema\/logo\/image\/"}}]}},"_links":{"self":[{"href":"https:\/\/laltragarrotxa.com\/es\/wp-json\/wp\/v2\/product\/91","targetHints":{"allow":["GET"]}}],"collection":[{"href":"https:\/\/laltragarrotxa.com\/es\/wp-json\/wp\/v2\/product"}],"about":[{"href":"https:\/\/laltragarrotxa.com\/es\/wp-json\/wp\/v2\/types\/product"}],"wp:featuredmedia":[{"embeddable":true,"href":"https:\/\/laltragarrotxa.com\/es\/wp-json\/wp\/v2\/media\/801"}],"wp:attachment":[{"href":"https:\/\/laltragarrotxa.com\/es\/wp-json\/wp\/v2\/media?parent=91"}],"wp:term":[{"taxonomy":"product_cat","embeddable":true,"href":"https:\/\/laltragarrotxa.com\/es\/wp-json\/wp\/v2\/product_cat?post=91"},{"taxonomy":"product_tag","embeddable":true,"href":"https:\/\/laltragarrotxa.com\/es\/wp-json\/wp\/v2\/product_tag?post=91"}],"curies":[{"name":"wp","href":"https:\/\/api.w.org\/{rel}","templated":true}]}}