{"id":93,"date":"2024-07-29T18:44:51","date_gmt":"2024-07-29T16:44:51","guid":{"rendered":"https:\/\/laltragarrotxa.btiquets.com\/?post_type=product&#038;p=93"},"modified":"2024-08-30T10:46:28","modified_gmt":"2024-08-30T08:46:28","slug":"astronomia","status":"publish","type":"product","link":"https:\/\/laltragarrotxa.com\/es\/producte\/astronomia\/","title":{"rendered":"Astronomia"},"content":{"rendered":"<p>Preu tancat de 280\u20ac per grups de 1 a 6 persones.<\/p>\n<p>Experi\u00e8ncia d&#8217;Astronomia impartida per Kilian Vindel guia d&#8217;Astronomia amb certificaci\u00f3 Starlight<\/p>\n<p>Gaudirem, tamb\u00e9, de la companyia del fot\u00f2graf Esteve Serra, que amenitzar\u00e0 la vetllada amb an\u00e8cdotes i viv\u00e8ncies del seu llibre <a href=\"https:\/\/www.travelportraits.com\/producte\/00-comprar-llibre-caminant-per-laltra-garrotxa\/\">CAMINANT PER L&#8217;ALTRA GARROTXA.<\/a><\/p>\n<p>Qu\u00e8 inclou:<\/p>\n<p>Aperitiu de benvinguda, amb productes locals.<\/p>\n<p>Audiovisual Astrof\u00edsic i Filos\u00f2fic amb interacci\u00f3 constant amb vosaltres.<\/p>\n<p>Observaci\u00f3 Astron\u00f2mica amb telescopi de gamma Alta.<\/p>\n<p>Durada de l&#8217;activitat dues hores.<\/p>\n<p>&nbsp;<\/p>\n<p class=\"card-title\"><strong>Horaris recomanats<br \/>\n<\/strong><\/p>\n<p>(Punt de trobada 45 minuts abans a Tortell\u00e0, per despla\u00e7ar-nos per pista forestal fins l&#8217;ermita de Gitarriu (trenta minuts))<\/p>\n<p>El transport \u00e9s gratu\u00eft pels nostres clients.<\/p>\n<p class=\"card-title\"><img decoding=\"async\" src=\"https:\/\/images.gestionaweb.cat\/1062\/img-100-103\/nou-hora-2-2-2-2-3-3-2-2-3-10.png\" alt=\"HORA DE TROBADA\" \/><\/p>\n<p>01\/09 &#8211; 31\/10 = 19:30 a 21:30<\/p>\n<p>01\/11 &#8211; 28\/2 = 18:00 a 20:00<\/p>\n<p>01\/03 &#8211; 31\/03 = 19:00 a 21:00<\/p>\n<p>01\/04 &#8211; 31\/08 = 21:00 a 23:00<\/p>\n<p>&nbsp;<\/p>\n<p>Pol\u00edtica d&#8217;anul\u00b7lacions\/reembossaments:<\/p>\n<p>Anul\u00b7lacions 80% reembossables fins 24 hores abans de l&#8217;inici del taller.<\/p>\n<p>En cas de previsi\u00f3 meteorol\u00f2gica adversa, us avisarem 72 hores abans de l&#8217;experi\u00e8ncia per tal de programar una nova data segons la vostra disponibilitat.<\/p>\n","protected":false},"excerpt":{"rendered":"<p>Preu tancat de 280\u20ac per grups de 1 a 6 persones. Experi\u00e8ncia d&#8217;Astronomia impartida per Kilian Vindel guia d&#8217;Astronomia amb certificaci\u00f3 Starlight Gaudirem, tamb\u00e9, de la companyia del fot\u00f2graf Esteve Serra, que amenitzar\u00e0 la vetllada amb an\u00e8cdotes i viv\u00e8ncies del seu llibre CAMINANT PER L&#8217;ALTRA GARROTXA. Qu\u00e8 inclou: Aperitiu de benvinguda, amb productes locals. Audiovisual [&hellip;]<\/p>\n","protected":false},"featured_media":543,"template":"","meta":[],"product_cat":[15],"product_tag":[],"class_list":{"0":"post-93","1":"product","2":"type-product","3":"status-publish","4":"has-post-thumbnail","6":"product_cat-sempre-tot-lany","8":"first","9":"instock","10":"sold-individually","11":"taxable","12":"shipping-taxable","13":"purchasable","14":"product-type-simple"},"yoast_head":"<!-- This site is optimized with the Yoast SEO plugin v25.7 - https:\/\/yoast.com\/wordpress\/plugins\/seo\/ -->\n<title>Astronomia - L&#039;Altra Garrotxa<\/title>\n<meta name=\"robots\" content=\"index, follow, max-snippet:-1, max-image-preview:large, max-video-preview:-1\" \/>\n<link rel=\"canonical\" href=\"https:\/\/laltragarrotxa.com\/es\/producte\/astronomia\/\" \/>\n<meta property=\"og:locale\" content=\"es_ES\" \/>\n<meta property=\"og:type\" content=\"article\" \/>\n<meta property=\"og:title\" content=\"Astronomia - L&#039;Altra Garrotxa\" \/>\n<meta property=\"og:description\" content=\"Preu tancat de 280\u20ac per grups de 1 a 6 persones. Experi\u00e8ncia d&#8217;Astronomia impartida per Kilian Vindel guia d&#8217;Astronomia amb certificaci\u00f3 Starlight Gaudirem, tamb\u00e9, de la companyia del fot\u00f2graf Esteve Serra, que amenitzar\u00e0 la vetllada amb an\u00e8cdotes i viv\u00e8ncies del seu llibre CAMINANT PER L&#8217;ALTRA GARROTXA. Qu\u00e8 inclou: Aperitiu de benvinguda, amb productes locals. Audiovisual [&hellip;]\" \/>\n<meta property=\"og:url\" content=\"https:\/\/laltragarrotxa.com\/es\/producte\/astronomia\/\" \/>\n<meta property=\"og:site_name\" content=\"L&#039;Altra Garrotxa\" \/>\n<meta property=\"article:modified_time\" content=\"2024-08-30T08:46:28+00:00\" \/>\n<meta property=\"og:image\" content=\"https:\/\/laltragarrotxa.com\/wp-content\/uploads\/2024\/08\/DSF3660.jpg\" \/>\n\t<meta property=\"og:image:width\" content=\"1500\" \/>\n\t<meta property=\"og:image:height\" content=\"1000\" \/>\n\t<meta property=\"og:image:type\" content=\"image\/jpeg\" \/>\n<meta name=\"twitter:card\" content=\"summary_large_image\" \/>\n<meta name=\"twitter:label1\" content=\"Tiempo de lectura\" \/>\n\t<meta name=\"twitter:data1\" content=\"2 minutos\" \/>\n<script type=\"application\/ld+json\" class=\"yoast-schema-graph\">{\"@context\":\"https:\/\/schema.org\",\"@graph\":[{\"@type\":\"WebPage\",\"@id\":\"https:\/\/laltragarrotxa.com\/es\/producte\/astronomia\/\",\"url\":\"https:\/\/laltragarrotxa.com\/es\/producte\/astronomia\/\",\"name\":\"Astronomia - L&#039;Altra Garrotxa\",\"isPartOf\":{\"@id\":\"https:\/\/laltragarrotxa.com\/es\/#website\"},\"primaryImageOfPage\":{\"@id\":\"https:\/\/laltragarrotxa.com\/es\/producte\/astronomia\/#primaryimage\"},\"image\":{\"@id\":\"https:\/\/laltragarrotxa.com\/es\/producte\/astronomia\/#primaryimage\"},\"thumbnailUrl\":\"https:\/\/laltragarrotxa.com\/wp-content\/uploads\/2024\/08\/DSF3660.jpg\",\"datePublished\":\"2024-07-29T16:44:51+00:00\",\"dateModified\":\"2024-08-30T08:46:28+00:00\",\"breadcrumb\":{\"@id\":\"https:\/\/laltragarrotxa.com\/es\/producte\/astronomia\/#breadcrumb\"},\"inLanguage\":\"es\",\"potentialAction\":[{\"@type\":\"ReadAction\",\"target\":[\"https:\/\/laltragarrotxa.com\/es\/producte\/astronomia\/\"]}]},{\"@type\":\"ImageObject\",\"inLanguage\":\"es\",\"@id\":\"https:\/\/laltragarrotxa.com\/es\/producte\/astronomia\/#primaryimage\",\"url\":\"https:\/\/laltragarrotxa.com\/wp-content\/uploads\/2024\/08\/DSF3660.jpg\",\"contentUrl\":\"https:\/\/laltragarrotxa.com\/wp-content\/uploads\/2024\/08\/DSF3660.jpg\",\"width\":1500,\"height\":1000},{\"@type\":\"BreadcrumbList\",\"@id\":\"https:\/\/laltragarrotxa.com\/es\/producte\/astronomia\/#breadcrumb\",\"itemListElement\":[{\"@type\":\"ListItem\",\"position\":1,\"name\":\"Inici\",\"item\":\"https:\/\/laltragarrotxa.com\/es\/\"},{\"@type\":\"ListItem\",\"position\":2,\"name\":\"Tienda\",\"item\":\"https:\/\/laltragarrotxa.com\/es\/tienda\/\"},{\"@type\":\"ListItem\",\"position\":3,\"name\":\"Astronomia\"}]},{\"@type\":\"WebSite\",\"@id\":\"https:\/\/laltragarrotxa.com\/es\/#website\",\"url\":\"https:\/\/laltragarrotxa.com\/es\/\",\"name\":\"L'Altra Garrotxa\",\"description\":\"Tallers i activitats exclusives a l&#039;Alta Garrotxa\",\"publisher\":{\"@id\":\"https:\/\/laltragarrotxa.com\/es\/#organization\"},\"potentialAction\":[{\"@type\":\"SearchAction\",\"target\":{\"@type\":\"EntryPoint\",\"urlTemplate\":\"https:\/\/laltragarrotxa.com\/es\/?s={search_term_string}\"},\"query-input\":{\"@type\":\"PropertyValueSpecification\",\"valueRequired\":true,\"valueName\":\"search_term_string\"}}],\"inLanguage\":\"es\"},{\"@type\":\"Organization\",\"@id\":\"https:\/\/laltragarrotxa.com\/es\/#organization\",\"name\":\"L'Altra Garrotxa\",\"url\":\"https:\/\/laltragarrotxa.com\/es\/\",\"logo\":{\"@type\":\"ImageObject\",\"inLanguage\":\"es\",\"@id\":\"https:\/\/laltragarrotxa.com\/es\/#\/schema\/logo\/image\/\",\"url\":\"https:\/\/laltragarrotxa.com\/wp-content\/uploads\/2024\/07\/LALTrA-GARROTXA2-1.png\",\"contentUrl\":\"https:\/\/laltragarrotxa.com\/wp-content\/uploads\/2024\/07\/LALTrA-GARROTXA2-1.png\",\"width\":1699,\"height\":283,\"caption\":\"L'Altra Garrotxa\"},\"image\":{\"@id\":\"https:\/\/laltragarrotxa.com\/es\/#\/schema\/logo\/image\/\"}}]}<\/script>\n<!-- \/ Yoast SEO plugin. -->","yoast_head_json":{"title":"Astronomia - L&#039;Altra Garrotxa","robots":{"index":"index","follow":"follow","max-snippet":"max-snippet:-1","max-image-preview":"max-image-preview:large","max-video-preview":"max-video-preview:-1"},"canonical":"https:\/\/laltragarrotxa.com\/es\/producte\/astronomia\/","og_locale":"es_ES","og_type":"article","og_title":"Astronomia - L&#039;Altra Garrotxa","og_description":"Preu tancat de 280\u20ac per grups de 1 a 6 persones. Experi\u00e8ncia d&#8217;Astronomia impartida per Kilian Vindel guia d&#8217;Astronomia amb certificaci\u00f3 Starlight Gaudirem, tamb\u00e9, de la companyia del fot\u00f2graf Esteve Serra, que amenitzar\u00e0 la vetllada amb an\u00e8cdotes i viv\u00e8ncies del seu llibre CAMINANT PER L&#8217;ALTRA GARROTXA. Qu\u00e8 inclou: Aperitiu de benvinguda, amb productes locals. Audiovisual [&hellip;]","og_url":"https:\/\/laltragarrotxa.com\/es\/producte\/astronomia\/","og_site_name":"L&#039;Altra Garrotxa","article_modified_time":"2024-08-30T08:46:28+00:00","og_image":[{"width":1500,"height":1000,"url":"https:\/\/laltragarrotxa.com\/wp-content\/uploads\/2024\/08\/DSF3660.jpg","type":"image\/jpeg"}],"twitter_card":"summary_large_image","twitter_misc":{"Tiempo de lectura":"2 minutos"},"schema":{"@context":"https:\/\/schema.org","@graph":[{"@type":"WebPage","@id":"https:\/\/laltragarrotxa.com\/es\/producte\/astronomia\/","url":"https:\/\/laltragarrotxa.com\/es\/producte\/astronomia\/","name":"Astronomia - L&#039;Altra Garrotxa","isPartOf":{"@id":"https:\/\/laltragarrotxa.com\/es\/#website"},"primaryImageOfPage":{"@id":"https:\/\/laltragarrotxa.com\/es\/producte\/astronomia\/#primaryimage"},"image":{"@id":"https:\/\/laltragarrotxa.com\/es\/producte\/astronomia\/#primaryimage"},"thumbnailUrl":"https:\/\/laltragarrotxa.com\/wp-content\/uploads\/2024\/08\/DSF3660.jpg","datePublished":"2024-07-29T16:44:51+00:00","dateModified":"2024-08-30T08:46:28+00:00","breadcrumb":{"@id":"https:\/\/laltragarrotxa.com\/es\/producte\/astronomia\/#breadcrumb"},"inLanguage":"es","potentialAction":[{"@type":"ReadAction","target":["https:\/\/laltragarrotxa.com\/es\/producte\/astronomia\/"]}]},{"@type":"ImageObject","inLanguage":"es","@id":"https:\/\/laltragarrotxa.com\/es\/producte\/astronomia\/#primaryimage","url":"https:\/\/laltragarrotxa.com\/wp-content\/uploads\/2024\/08\/DSF3660.jpg","contentUrl":"https:\/\/laltragarrotxa.com\/wp-content\/uploads\/2024\/08\/DSF3660.jpg","width":1500,"height":1000},{"@type":"BreadcrumbList","@id":"https:\/\/laltragarrotxa.com\/es\/producte\/astronomia\/#breadcrumb","itemListElement":[{"@type":"ListItem","position":1,"name":"Inici","item":"https:\/\/laltragarrotxa.com\/es\/"},{"@type":"ListItem","position":2,"name":"Tienda","item":"https:\/\/laltragarrotxa.com\/es\/tienda\/"},{"@type":"ListItem","position":3,"name":"Astronomia"}]},{"@type":"WebSite","@id":"https:\/\/laltragarrotxa.com\/es\/#website","url":"https:\/\/laltragarrotxa.com\/es\/","name":"L'Altra Garrotxa","description":"Tallers i activitats exclusives a l&#039;Alta Garrotxa","publisher":{"@id":"https:\/\/laltragarrotxa.com\/es\/#organization"},"potentialAction":[{"@type":"SearchAction","target":{"@type":"EntryPoint","urlTemplate":"https:\/\/laltragarrotxa.com\/es\/?s={search_term_string}"},"query-input":{"@type":"PropertyValueSpecification","valueRequired":true,"valueName":"search_term_string"}}],"inLanguage":"es"},{"@type":"Organization","@id":"https:\/\/laltragarrotxa.com\/es\/#organization","name":"L'Altra Garrotxa","url":"https:\/\/laltragarrotxa.com\/es\/","logo":{"@type":"ImageObject","inLanguage":"es","@id":"https:\/\/laltragarrotxa.com\/es\/#\/schema\/logo\/image\/","url":"https:\/\/laltragarrotxa.com\/wp-content\/uploads\/2024\/07\/LALTrA-GARROTXA2-1.png","contentUrl":"https:\/\/laltragarrotxa.com\/wp-content\/uploads\/2024\/07\/LALTrA-GARROTXA2-1.png","width":1699,"height":283,"caption":"L'Altra Garrotxa"},"image":{"@id":"https:\/\/laltragarrotxa.com\/es\/#\/schema\/logo\/image\/"}}]}},"_links":{"self":[{"href":"https:\/\/laltragarrotxa.com\/es\/wp-json\/wp\/v2\/product\/93","targetHints":{"allow":["GET"]}}],"collection":[{"href":"https:\/\/laltragarrotxa.com\/es\/wp-json\/wp\/v2\/product"}],"about":[{"href":"https:\/\/laltragarrotxa.com\/es\/wp-json\/wp\/v2\/types\/product"}],"wp:featuredmedia":[{"embeddable":true,"href":"https:\/\/laltragarrotxa.com\/es\/wp-json\/wp\/v2\/media\/543"}],"wp:attachment":[{"href":"https:\/\/laltragarrotxa.com\/es\/wp-json\/wp\/v2\/media?parent=93"}],"wp:term":[{"taxonomy":"product_cat","embeddable":true,"href":"https:\/\/laltragarrotxa.com\/es\/wp-json\/wp\/v2\/product_cat?post=93"},{"taxonomy":"product_tag","embeddable":true,"href":"https:\/\/laltragarrotxa.com\/es\/wp-json\/wp\/v2\/product_tag?post=93"}],"curies":[{"name":"wp","href":"https:\/\/api.w.org\/{rel}","templated":true}]}}